{"id":2344,"date":"2021-06-04T08:58:40","date_gmt":"2021-06-04T08:58:40","guid":{"rendered":"https:\/\/veritastestovi.com\/?page_id=2344"},"modified":"2024-09-16T09:08:25","modified_gmt":"2024-09-16T09:08:25","slug":"kontakt-2","status":"publish","type":"page","link":"https:\/\/veritastestovi.com\/index.php\/kontakt-2\/","title":{"rendered":"Kontakt"},"content":{"rendered":"\t\t<div data-elementor-type=\"wp-page\" data-elementor-id=\"2344\" class=\"elementor elementor-2344\" data-elementor-post-type=\"page\">\n\t\t\t\t\t\t<section class=\"elementor-section elementor-top-section elementor-element elementor-element-d53aee1 elementor-section-boxed elementor-section-height-default elementor-section-height-default\" data-id=\"d53aee1\" data-element_type=\"section\" data-e-type=\"section\" data-settings=\"{&quot;background_background&quot;:&quot;classic&quot;}\">\n\t\t\t\t\t\t<div class=\"elementor-container elementor-column-gap-default\">\n\t\t\t\t\t<div class=\"elementor-column elementor-col-100 elementor-top-column elementor-element elementor-element-f83732f\" data-id=\"f83732f\" data-element_type=\"column\" data-e-type=\"column\">\n\t\t\t<div class=\"elementor-widget-wrap elementor-element-populated\">\n\t\t\t\t\t\t<div class=\"elementor-element elementor-element-fa7d6ba elementor-widget elementor-widget-text-editor\" data-id=\"fa7d6ba\" data-element_type=\"widget\" data-e-type=\"widget\" data-widget_type=\"text-editor.default\">\n\t\t\t\t<div class=\"elementor-widget-container\">\n\t\t\t\t\t\t\t\t\t<p style=\"text-align: center;\">Treba vam pomo\u0107?<\/p>\t\t\t\t\t\t\t\t<\/div>\n\t\t\t\t<\/div>\n\t\t\t\t<div class=\"elementor-element elementor-element-921b672 elementor-widget elementor-widget-heading\" data-id=\"921b672\" data-element_type=\"widget\" data-e-type=\"widget\" data-widget_type=\"heading.default\">\n\t\t\t\t<div class=\"elementor-widget-container\">\n\t\t\t\t\t<h2 class=\"elementor-heading-title elementor-size-default\">Kontaktirajte nas. Popunite formu ispod i na\u0161e kolege \u0107e vam se javiti uskoro.<\/h2>\t\t\t\t<\/div>\n\t\t\t\t<\/div>\n\t\t\t\t\t<\/div>\n\t\t<\/div>\n\t\t\t\t\t<\/div>\n\t\t<\/section>\n\t\t\t\t<section class=\"elementor-section elementor-top-section elementor-element elementor-element-ac1e183 elementor-section-boxed elementor-section-height-default elementor-section-height-default\" data-id=\"ac1e183\" data-element_type=\"section\" data-e-type=\"section\">\n\t\t\t\t\t\t<div class=\"elementor-container elementor-column-gap-default\">\n\t\t\t\t\t<div class=\"elementor-column elementor-col-100 elementor-top-column elementor-element elementor-element-b4e3c47\" data-id=\"b4e3c47\" data-element_type=\"column\" data-e-type=\"column\">\n\t\t\t<div class=\"elementor-widget-wrap elementor-element-populated\">\n\t\t\t\t\t\t<div class=\"elementor-element elementor-element-a8ff136 elementor-button-align-start elementor-mobile-button-align-center elementor-widget elementor-widget-form\" data-id=\"a8ff136\" data-element_type=\"widget\" data-e-type=\"widget\" data-settings=\"{&quot;step_next_label&quot;:&quot;Slede\\u0107i&quot;,&quot;step_previous_label&quot;:&quot;Prethodni&quot;,&quot;button_width&quot;:&quot;100&quot;,&quot;step_type&quot;:&quot;number_text&quot;,&quot;step_icon_shape&quot;:&quot;circle&quot;}\" data-widget_type=\"form.default\">\n\t\t\t\t<div class=\"elementor-widget-container\">\n\t\t\t\t\t\t\t<form class=\"elementor-form\" method=\"post\" name=\"New Form\">\n\t\t\t<input type=\"hidden\" name=\"post_id\" value=\"2344\"\/>\n\t\t\t<input type=\"hidden\" name=\"form_id\" value=\"a8ff136\"\/>\n\t\t\t<input type=\"hidden\" name=\"referer_title\" value=\"Kontakt - Veritas Genetski Testovi\" \/>\n\n\t\t\t\t\t\t\t<input type=\"hidden\" name=\"queried_id\" value=\"2344\"\/>\n\t\t\t\n\t\t\t<div class=\"elementor-form-fields-wrapper elementor-labels-above\">\n\t\t\t\t\t\t\t\t<div class=\"elementor-field-type-text elementor-field-group elementor-column elementor-field-group-5fc6f08 elementor-col-50 elementor-field-required\">\n\t\t\t\t\t\t\t\t\t\t\t\t\t<input size=\"1\" type=\"text\" name=\"form_fields[5fc6f08]\" id=\"form-field-5fc6f08\" class=\"elementor-field elementor-size-md  elementor-field-textual\" placeholder=\"*Ime i prezime\" required=\"required\">\n\t\t\t\t\t\t\t\t\t\t\t<\/div>\n\t\t\t\t\t\t\t\t<div class=\"elementor-field-type-email elementor-field-group elementor-column elementor-field-group-email elementor-col-50 elementor-field-required\">\n\t\t\t\t\t\t\t\t\t\t\t\t\t<input size=\"1\" type=\"email\" name=\"form_fields[email]\" id=\"form-field-email\" class=\"elementor-field elementor-size-md  elementor-field-textual\" placeholder=\"*Email adresa\" required=\"required\">\n\t\t\t\t\t\t\t\t\t\t\t<\/div>\n\t\t\t\t\t\t\t\t<div class=\"elementor-field-type-text elementor-field-group elementor-column elementor-field-group-field_18454d1 elementor-col-100 elementor-field-required\">\n\t\t\t\t\t\t\t\t\t\t\t\t\t<input size=\"1\" type=\"text\" name=\"form_fields[field_18454d1]\" id=\"form-field-field_18454d1\" class=\"elementor-field elementor-size-md  elementor-field-textual\" placeholder=\"*Grad\" required=\"required\">\n\t\t\t\t\t\t\t\t\t\t\t<\/div>\n\t\t\t\t\t\t\t\t<div class=\"elementor-field-type-tel elementor-field-group elementor-column elementor-field-group-04fbb9f elementor-col-50 elementor-field-required\">\n\t\t\t\t\t\t\t<input size=\"1\" type=\"tel\" name=\"form_fields[04fbb9f]\" id=\"form-field-04fbb9f\" class=\"elementor-field elementor-size-md  elementor-field-textual\" placeholder=\"Telefon\" required=\"required\" pattern=\"[0-9()#&amp;+*-=.]+\" title=\"Only numbers and phone characters (#, -, *, etc) are accepted.\">\n\n\t\t\t\t\t\t<\/div>\n\t\t\t\t\t\t\t\t<div class=\"elementor-field-type-date elementor-field-group elementor-column elementor-field-group-b9cd3c3 elementor-col-50 elementor-field-required\">\n\t\t\t\t\t\n\t\t<input type=\"date\" name=\"form_fields[b9cd3c3]\" id=\"form-field-b9cd3c3\" class=\"elementor-field elementor-size-md  elementor-field-textual elementor-date-field elementor-use-native\" placeholder=\"Datum poro\u0111aja\" required=\"required\" pattern=\"[0-9]{4}-[0-9]{2}-[0-9]{2}\">\n\t\t\t\t\t\t<\/div>\n\t\t\t\t\t\t\t\t<div class=\"elementor-field-type-textarea elementor-field-group elementor-column elementor-field-group-name elementor-col-100\">\n\t\t\t\t\t<textarea class=\"elementor-field-textual elementor-field  elementor-size-md\" name=\"form_fields[name]\" id=\"form-field-name\" rows=\"4\" placeholder=\"Poruka\"><\/textarea>\t\t\t\t<\/div>\n\t\t\t\t\t\t\t\t<div class=\"elementor-field-type-text\">\n\t\t\t\t\t<input size=\"1\" type=\"text\" name=\"form_fields[field_a151abc]\" id=\"form-field-field_a151abc\" class=\"elementor-field elementor-size-md \" style=\"display:none !important;\">\t\t\t\t<\/div>\n\t\t\t\t\t\t\t\t<div class=\"elementor-field-group elementor-column elementor-field-type-submit elementor-col-100 e-form__buttons\">\n\t\t\t\t\t<button class=\"elementor-button elementor-size-md\" type=\"submit\">\n\t\t\t\t\t\t<span class=\"elementor-button-content-wrapper\">\n\t\t\t\t\t\t\t\t\t\t\t\t\t\t\t\t\t\t\t\t\t\t<span class=\"elementor-button-text\">Potvrdi<\/span>\n\t\t\t\t\t\t\t\t\t\t\t\t\t<\/span>\n\t\t\t\t\t<\/button>\n\t\t\t\t<\/div>\n\t\t\t<\/div>\n\t\t<\/form>\n\t\t\t\t\t\t<\/div>\n\t\t\t\t<\/div>\n\t\t\t\t\t<\/div>\n\t\t<\/div>\n\t\t\t\t\t<\/div>\n\t\t<\/section>\n\t\t\t\t<section class=\"elementor-section elementor-top-section elementor-element elementor-element-a9ba1c2 elementor-hidden-phone elementor-section-boxed elementor-section-height-default elementor-section-height-default\" data-id=\"a9ba1c2\" data-element_type=\"section\" data-e-type=\"section\">\n\t\t\t\t\t\t<div class=\"elementor-container elementor-column-gap-default\">\n\t\t\t\t\t<div class=\"elementor-column elementor-col-33 elementor-top-column elementor-element elementor-element-a27a72b\" data-id=\"a27a72b\" data-element_type=\"column\" data-e-type=\"column\">\n\t\t\t<div class=\"elementor-widget-wrap elementor-element-populated\">\n\t\t\t\t\t\t<div class=\"elementor-element elementor-element-bd835f6 elementor-hidden-phone elementor-hidden-tablet elementor-widget elementor-widget-heading\" data-id=\"bd835f6\" data-element_type=\"widget\" data-e-type=\"widget\" data-widget_type=\"heading.default\">\n\t\t\t\t<div class=\"elementor-widget-container\">\n\t\t\t\t\t<h2 class=\"elementor-heading-title elementor-size-default\">Srbija<\/h2>\t\t\t\t<\/div>\n\t\t\t\t<\/div>\n\t\t\t\t\t<\/div>\n\t\t<\/div>\n\t\t\t\t<div class=\"elementor-column elementor-col-33 elementor-top-column elementor-element elementor-element-752df75\" data-id=\"752df75\" data-element_type=\"column\" data-e-type=\"column\">\n\t\t\t<div class=\"elementor-widget-wrap elementor-element-populated\">\n\t\t\t\t\t\t<div class=\"elementor-element elementor-element-8650a3d elementor-widget elementor-widget-heading\" data-id=\"8650a3d\" data-element_type=\"widget\" data-e-type=\"widget\" data-widget_type=\"heading.default\">\n\t\t\t\t<div class=\"elementor-widget-container\">\n\t\t\t\t\t<h2 class=\"elementor-heading-title elementor-size-default\">Bosna i Hercegovina<\/h2>\t\t\t\t<\/div>\n\t\t\t\t<\/div>\n\t\t\t\t\t<\/div>\n\t\t<\/div>\n\t\t\t\t<div class=\"elementor-column elementor-col-33 elementor-top-column elementor-element elementor-element-11a6242\" data-id=\"11a6242\" data-element_type=\"column\" data-e-type=\"column\">\n\t\t\t<div class=\"elementor-widget-wrap elementor-element-populated\">\n\t\t\t\t\t\t<div class=\"elementor-element elementor-element-46cacee elementor-hidden-tablet elementor-widget elementor-widget-heading\" data-id=\"46cacee\" data-element_type=\"widget\" data-e-type=\"widget\" data-widget_type=\"heading.default\">\n\t\t\t\t<div class=\"elementor-widget-container\">\n\t\t\t\t\t<h2 class=\"elementor-heading-title elementor-size-default\">Hrvatska<\/h2>\t\t\t\t<\/div>\n\t\t\t\t<\/div>\n\t\t\t\t\t<\/div>\n\t\t<\/div>\n\t\t\t\t\t<\/div>\n\t\t<\/section>\n\t\t\t\t<section class=\"elementor-section elementor-top-section elementor-element elementor-element-ac79586 elementor-section-boxed elementor-section-height-default elementor-section-height-default\" data-id=\"ac79586\" data-element_type=\"section\" data-e-type=\"section\">\n\t\t\t\t\t\t<div class=\"elementor-container elementor-column-gap-default\">\n\t\t\t\t\t\t<\/div>\n\t\t<\/section>\n\t\t\t\t<section class=\"elementor-section elementor-top-section elementor-element elementor-element-e7c2dff elementor-section-boxed elementor-section-height-default elementor-section-height-default\" data-id=\"e7c2dff\" data-element_type=\"section\" data-e-type=\"section\">\n\t\t\t\t\t\t<div class=\"elementor-container elementor-column-gap-default\">\n\t\t\t\t\t<div class=\"elementor-column elementor-col-33 elementor-top-column elementor-element elementor-element-1db8da8\" data-id=\"1db8da8\" data-element_type=\"column\" data-e-type=\"column\">\n\t\t\t<div class=\"elementor-widget-wrap elementor-element-populated\">\n\t\t\t\t\t\t<div class=\"elementor-element elementor-element-7bd5f0c elementor-hidden-tablet elementor-widget elementor-widget-text-editor\" data-id=\"7bd5f0c\" data-element_type=\"widget\" data-e-type=\"widget\" data-widget_type=\"text-editor.default\">\n\t\t\t\t<div class=\"elementor-widget-container\">\n\t\t\t\t\t\t\t\t\t<p><strong>Beograd<\/strong><\/p><p><span style=\"font-weight: 400;\">Bulevar Oslobo\u0111enja 235<\/span><\/p><p><span style=\"font-weight: 400;\">011 406 75 93<\/span><\/p><p>060 444 38 42<\/p><p><span style=\"font-weight: 400;\">060 444 38 19<\/span><\/p><p><a href=\"mailto:rs@btgmed.com\"><span style=\"font-weight: 400;\">rs@btgmed.com<\/span><\/a><\/p>\t\t\t\t\t\t\t\t<\/div>\n\t\t\t\t<\/div>\n\t\t\t\t<div class=\"elementor-element elementor-element-4197355 elementor-hidden-tablet elementor-widget elementor-widget-text-editor\" data-id=\"4197355\" data-element_type=\"widget\" data-e-type=\"widget\" data-widget_type=\"text-editor.default\">\n\t\t\t\t<div class=\"elementor-widget-container\">\n\t\t\t\t\t\t\t\t\t<p><strong>Novi Sad<\/strong><\/p><p><span style=\"font-weight: 400;\">060 444 38 09<\/span><\/p><p><a href=\"mailto:rs@btgmed.com\"><span style=\"font-weight: 400;\">rs@btgmed.com<\/span><\/a><\/p>\t\t\t\t\t\t\t\t<\/div>\n\t\t\t\t<\/div>\n\t\t\t\t<div class=\"elementor-element elementor-element-13223b6 elementor-hidden-tablet elementor-widget elementor-widget-text-editor\" data-id=\"13223b6\" data-element_type=\"widget\" data-e-type=\"widget\" data-widget_type=\"text-editor.default\">\n\t\t\t\t<div class=\"elementor-widget-container\">\n\t\t\t\t\t\t\t\t\t<p><strong>Kragujevac<\/strong><\/p><p><span style=\"font-weight: 400;\">060 444 38 17<\/span><\/p><p><a href=\"mailto:rs@btgmed.com\"><span style=\"font-weight: 400;\">rs@btgmed.com<\/span><\/a><\/p>\t\t\t\t\t\t\t\t<\/div>\n\t\t\t\t<\/div>\n\t\t\t\t<div class=\"elementor-element elementor-element-15cf4cc elementor-hidden-tablet elementor-hidden-phone elementor-widget elementor-widget-text-editor\" data-id=\"15cf4cc\" data-element_type=\"widget\" data-e-type=\"widget\" data-widget_type=\"text-editor.default\">\n\t\t\t\t<div class=\"elementor-widget-container\">\n\t\t\t\t\t\t\t\t\t<p><strong>Ni\u0161<\/strong><\/p><p><span style=\"font-weight: 400;\">060 444 38 26 <\/span><\/p><p><strong>Novi Pazar\u00a0<\/strong><\/p><p><span style=\"font-weight: 400;\">060 444 38 26<\/span><\/p>\t\t\t\t\t\t\t\t<\/div>\n\t\t\t\t<\/div>\n\t\t\t\t\t<\/div>\n\t\t<\/div>\n\t\t\t\t<div class=\"elementor-column elementor-col-33 elementor-top-column elementor-element elementor-element-b056b89\" data-id=\"b056b89\" data-element_type=\"column\" data-e-type=\"column\">\n\t\t\t<div class=\"elementor-widget-wrap elementor-element-populated\">\n\t\t\t\t\t\t<div class=\"elementor-element elementor-element-e3b957a elementor-widget elementor-widget-text-editor\" data-id=\"e3b957a\" data-element_type=\"widget\" data-e-type=\"widget\" data-widget_type=\"text-editor.default\">\n\t\t\t\t<div class=\"elementor-widget-container\">\n\t\t\t\t\t\t\t\t\t<p><strong>Banja Luka<\/strong><\/p><p><span style=\"font-weight: 400;\">Aleja Svetog Save 59<\/span><\/p><p><span style=\"font-weight: 400;\">+387 51 213 640<\/span><\/p><p><span style=\"font-weight: 400;\">+387 65 387 036<\/span><\/p><p><a href=\"mailto:info@btgmed.com\"><span style=\"font-weight: 400;\">info@btgmed.com<\/span><\/a><\/p>\t\t\t\t\t\t\t\t<\/div>\n\t\t\t\t<\/div>\n\t\t\t\t<div class=\"elementor-element elementor-element-0fb71d3 elementor-hidden-tablet elementor-hidden-phone elementor-widget elementor-widget-text-editor\" data-id=\"0fb71d3\" data-element_type=\"widget\" data-e-type=\"widget\" data-widget_type=\"text-editor.default\">\n\t\t\t\t<div class=\"elementor-widget-container\">\n\t\t\t\t\t\t\t\t\t<p><strong>Sarajevo<\/strong><\/p><p><span style=\"font-weight: 400;\">+387 61 474 813<\/span><\/p><p><a href=\"mailto:info@btgmed.com\"><span style=\"font-weight: 400;\">info@btgmed.com<\/span><\/a><\/p>\t\t\t\t\t\t\t\t<\/div>\n\t\t\t\t<\/div>\n\t\t\t\t<div class=\"elementor-element elementor-element-de47846 elementor-hidden-tablet elementor-hidden-phone elementor-widget elementor-widget-text-editor\" data-id=\"de47846\" data-element_type=\"widget\" data-e-type=\"widget\" data-widget_type=\"text-editor.default\">\n\t\t\t\t<div class=\"elementor-widget-container\">\n\t\t\t\t\t\t\t\t\t<p><strong>Tuzla<\/strong><\/p><p><span style=\"font-weight: 400;\">+387 61 474 814<\/span><\/p><p><a href=\"mailto:info@btgmed.com\"><span style=\"font-weight: 400;\">info@btgmed.com\u00a0<\/span><\/a><\/p>\t\t\t\t\t\t\t\t<\/div>\n\t\t\t\t<\/div>\n\t\t\t\t\t<\/div>\n\t\t<\/div>\n\t\t\t\t<div class=\"elementor-column elementor-col-33 elementor-top-column elementor-element elementor-element-b87b642\" data-id=\"b87b642\" data-element_type=\"column\" data-e-type=\"column\">\n\t\t\t<div class=\"elementor-widget-wrap elementor-element-populated\">\n\t\t\t\t\t\t<div class=\"elementor-element elementor-element-15ba616 elementor-hidden-tablet elementor-widget elementor-widget-text-editor\" data-id=\"15ba616\" data-element_type=\"widget\" data-e-type=\"widget\" data-widget_type=\"text-editor.default\">\n\t\t\t\t<div class=\"elementor-widget-container\">\n\t\t\t\t\t\t\t\t\t<p><strong>Zagreb<\/strong><\/p><p>Ilica 191 C<\/p><p><span style=\"font-weight: 400;\">01\/7077-645<\/span><\/p><p><span style=\"font-weight: 400;\">091\/3737-306<\/span><\/p><p><span style=\"font-weight: 400;\">Medicinske informacije<\/span><\/p><p><span style=\"font-weight: 400;\">099\/250-7971<\/span><\/p>\t\t\t\t\t\t\t\t<\/div>\n\t\t\t\t<\/div>\n\t\t\t\t\t<\/div>\n\t\t<\/div>\n\t\t\t\t\t<\/div>\n\t\t<\/section>\n\t\t\t\t<\/div>\n\t\t","protected":false},"excerpt":{"rendered":"<p>Treba vam pomo\u0107? Kontaktirajte nas. Popunite formu ispod i na\u0161e kolege \u0107e vam se javiti uskoro. Srbija Bosna i Hercegovina Hrvatska Beograd Bulevar Oslobo\u0111enja 235 011 406 75 93 060 444 38 42 060 444 38 19 rs@btgmed.com Novi Sad 060 444 38 09 rs@btgmed.com Kragujevac 060 444 38 17 rs@btgmed.com Ni\u0161 060 444 38 [&hellip;]<\/p>\n","protected":false},"author":2,"featured_media":3322,"parent":0,"menu_order":0,"comment_status":"closed","ping_status":"closed","template":"","meta":{"footnotes":""},"class_list":["post-2344","page","type-page","status-publish","has-post-thumbnail","hentry"],"yoast_head":"<!-- This site is optimized with the Yoast SEO plugin v27.3 - https:\/\/yoast.com\/product\/yoast-seo-wordpress\/ -->\n<title>Kontakt - Veritas Genetski Testovi<\/title>\n<meta name=\"description\" content=\"Trebaju ti konsultacije u vezi sa Veritas genetskim testovima? Kontaktiraj nas!\" \/>\n<meta name=\"robots\" content=\"index, follow, max-snippet:-1, max-image-preview:large, max-video-preview:-1\" \/>\n<link rel=\"canonical\" href=\"https:\/\/veritastestovi.com\/index.php\/kontakt-2\/\" \/>\n<meta property=\"og:locale\" content=\"en_US\" \/>\n<meta property=\"og:type\" content=\"article\" \/>\n<meta property=\"og:title\" content=\"Kontakt - Veritas Genetski Testovi\" \/>\n<meta property=\"og:description\" content=\"Trebaju ti konsultacije u vezi sa Veritas genetskim testovima? Kontaktiraj nas!\" \/>\n<meta property=\"og:url\" content=\"https:\/\/veritastestovi.com\/index.php\/kontakt-2\/\" \/>\n<meta property=\"og:site_name\" content=\"Veritas Genetski Testovi\" \/>\n<meta property=\"article:modified_time\" content=\"2024-09-16T09:08:25+00:00\" \/>\n<meta property=\"og:image\" content=\"https:\/\/veritastestovi.com\/wp-content\/uploads\/2021\/08\/veritas-test-kontakt.jpg\" \/>\n\t<meta property=\"og:image:width\" content=\"1200\" \/>\n\t<meta property=\"og:image:height\" content=\"628\" \/>\n\t<meta property=\"og:image:type\" content=\"image\/jpeg\" \/>\n<meta name=\"twitter:card\" content=\"summary_large_image\" \/>\n<meta name=\"twitter:label1\" content=\"Est. reading time\" \/>\n\t<meta name=\"twitter:data1\" content=\"1 minute\" \/>\n<script type=\"application\/ld+json\" class=\"yoast-schema-graph\">{\"@context\":\"https:\\\/\\\/schema.org\",\"@graph\":[{\"@type\":\"WebPage\",\"@id\":\"https:\\\/\\\/veritastestovi.com\\\/index.php\\\/kontakt-2\\\/\",\"url\":\"https:\\\/\\\/veritastestovi.com\\\/index.php\\\/kontakt-2\\\/\",\"name\":\"Kontakt - Veritas Genetski Testovi\",\"isPartOf\":{\"@id\":\"https:\\\/\\\/veritastestovi.com\\\/#website\"},\"primaryImageOfPage\":{\"@id\":\"https:\\\/\\\/veritastestovi.com\\\/index.php\\\/kontakt-2\\\/#primaryimage\"},\"image\":{\"@id\":\"https:\\\/\\\/veritastestovi.com\\\/index.php\\\/kontakt-2\\\/#primaryimage\"},\"thumbnailUrl\":\"https:\\\/\\\/veritastestovi.com\\\/wp-content\\\/uploads\\\/2021\\\/08\\\/veritas-test-kontakt.jpg\",\"datePublished\":\"2021-06-04T08:58:40+00:00\",\"dateModified\":\"2024-09-16T09:08:25+00:00\",\"description\":\"Trebaju ti konsultacije u vezi sa Veritas genetskim testovima? Kontaktiraj nas!\",\"breadcrumb\":{\"@id\":\"https:\\\/\\\/veritastestovi.com\\\/index.php\\\/kontakt-2\\\/#breadcrumb\"},\"inLanguage\":\"en-US\",\"potentialAction\":[{\"@type\":\"ReadAction\",\"target\":[\"https:\\\/\\\/veritastestovi.com\\\/index.php\\\/kontakt-2\\\/\"]}]},{\"@type\":\"ImageObject\",\"inLanguage\":\"en-US\",\"@id\":\"https:\\\/\\\/veritastestovi.com\\\/index.php\\\/kontakt-2\\\/#primaryimage\",\"url\":\"https:\\\/\\\/veritastestovi.com\\\/wp-content\\\/uploads\\\/2021\\\/08\\\/veritas-test-kontakt.jpg\",\"contentUrl\":\"https:\\\/\\\/veritastestovi.com\\\/wp-content\\\/uploads\\\/2021\\\/08\\\/veritas-test-kontakt.jpg\",\"width\":1200,\"height\":628,\"caption\":\"Veritas Genetski Testovi - Kontakt\"},{\"@type\":\"BreadcrumbList\",\"@id\":\"https:\\\/\\\/veritastestovi.com\\\/index.php\\\/kontakt-2\\\/#breadcrumb\",\"itemListElement\":[{\"@type\":\"ListItem\",\"position\":1,\"name\":\"Home\",\"item\":\"https:\\\/\\\/veritastestovi.com\\\/\"},{\"@type\":\"ListItem\",\"position\":2,\"name\":\"Kontakt\"}]},{\"@type\":\"WebSite\",\"@id\":\"https:\\\/\\\/veritastestovi.com\\\/#website\",\"url\":\"https:\\\/\\\/veritastestovi.com\\\/\",\"name\":\"Veritas Genetski Testovi\",\"description\":\"\",\"publisher\":{\"@id\":\"https:\\\/\\\/veritastestovi.com\\\/#organization\"},\"potentialAction\":[{\"@type\":\"SearchAction\",\"target\":{\"@type\":\"EntryPoint\",\"urlTemplate\":\"https:\\\/\\\/veritastestovi.com\\\/?s={search_term_string}\"},\"query-input\":{\"@type\":\"PropertyValueSpecification\",\"valueRequired\":true,\"valueName\":\"search_term_string\"}}],\"inLanguage\":\"en-US\"},{\"@type\":\"Organization\",\"@id\":\"https:\\\/\\\/veritastestovi.com\\\/#organization\",\"name\":\"Veritas testovi - BTGMED\",\"url\":\"https:\\\/\\\/veritastestovi.com\\\/\",\"logo\":{\"@type\":\"ImageObject\",\"inLanguage\":\"en-US\",\"@id\":\"https:\\\/\\\/veritastestovi.com\\\/#\\\/schema\\\/logo\\\/image\\\/\",\"url\":\"https:\\\/\\\/veritastestovi.com\\\/wp-content\\\/uploads\\\/2021\\\/04\\\/btg-med.png\",\"contentUrl\":\"https:\\\/\\\/veritastestovi.com\\\/wp-content\\\/uploads\\\/2021\\\/04\\\/btg-med.png\",\"width\":1608,\"height\":536,\"caption\":\"Veritas testovi - BTGMED\"},\"image\":{\"@id\":\"https:\\\/\\\/veritastestovi.com\\\/#\\\/schema\\\/logo\\\/image\\\/\"}}]}<\/script>\n<!-- \/ Yoast SEO plugin. -->","yoast_head_json":{"title":"Kontakt - Veritas Genetski Testovi","description":"Trebaju ti konsultacije u vezi sa Veritas genetskim testovima? Kontaktiraj nas!","robots":{"index":"index","follow":"follow","max-snippet":"max-snippet:-1","max-image-preview":"max-image-preview:large","max-video-preview":"max-video-preview:-1"},"canonical":"https:\/\/veritastestovi.com\/index.php\/kontakt-2\/","og_locale":"en_US","og_type":"article","og_title":"Kontakt - Veritas Genetski Testovi","og_description":"Trebaju ti konsultacije u vezi sa Veritas genetskim testovima? Kontaktiraj nas!","og_url":"https:\/\/veritastestovi.com\/index.php\/kontakt-2\/","og_site_name":"Veritas Genetski Testovi","article_modified_time":"2024-09-16T09:08:25+00:00","og_image":[{"width":1200,"height":628,"url":"https:\/\/veritastestovi.com\/wp-content\/uploads\/2021\/08\/veritas-test-kontakt.jpg","type":"image\/jpeg"}],"twitter_card":"summary_large_image","twitter_misc":{"Est. reading time":"1 minute"},"schema":{"@context":"https:\/\/schema.org","@graph":[{"@type":"WebPage","@id":"https:\/\/veritastestovi.com\/index.php\/kontakt-2\/","url":"https:\/\/veritastestovi.com\/index.php\/kontakt-2\/","name":"Kontakt - Veritas Genetski Testovi","isPartOf":{"@id":"https:\/\/veritastestovi.com\/#website"},"primaryImageOfPage":{"@id":"https:\/\/veritastestovi.com\/index.php\/kontakt-2\/#primaryimage"},"image":{"@id":"https:\/\/veritastestovi.com\/index.php\/kontakt-2\/#primaryimage"},"thumbnailUrl":"https:\/\/veritastestovi.com\/wp-content\/uploads\/2021\/08\/veritas-test-kontakt.jpg","datePublished":"2021-06-04T08:58:40+00:00","dateModified":"2024-09-16T09:08:25+00:00","description":"Trebaju ti konsultacije u vezi sa Veritas genetskim testovima? Kontaktiraj nas!","breadcrumb":{"@id":"https:\/\/veritastestovi.com\/index.php\/kontakt-2\/#breadcrumb"},"inLanguage":"en-US","potentialAction":[{"@type":"ReadAction","target":["https:\/\/veritastestovi.com\/index.php\/kontakt-2\/"]}]},{"@type":"ImageObject","inLanguage":"en-US","@id":"https:\/\/veritastestovi.com\/index.php\/kontakt-2\/#primaryimage","url":"https:\/\/veritastestovi.com\/wp-content\/uploads\/2021\/08\/veritas-test-kontakt.jpg","contentUrl":"https:\/\/veritastestovi.com\/wp-content\/uploads\/2021\/08\/veritas-test-kontakt.jpg","width":1200,"height":628,"caption":"Veritas Genetski Testovi - Kontakt"},{"@type":"BreadcrumbList","@id":"https:\/\/veritastestovi.com\/index.php\/kontakt-2\/#breadcrumb","itemListElement":[{"@type":"ListItem","position":1,"name":"Home","item":"https:\/\/veritastestovi.com\/"},{"@type":"ListItem","position":2,"name":"Kontakt"}]},{"@type":"WebSite","@id":"https:\/\/veritastestovi.com\/#website","url":"https:\/\/veritastestovi.com\/","name":"Veritas Genetski Testovi","description":"","publisher":{"@id":"https:\/\/veritastestovi.com\/#organization"},"potentialAction":[{"@type":"SearchAction","target":{"@type":"EntryPoint","urlTemplate":"https:\/\/veritastestovi.com\/?s={search_term_string}"},"query-input":{"@type":"PropertyValueSpecification","valueRequired":true,"valueName":"search_term_string"}}],"inLanguage":"en-US"},{"@type":"Organization","@id":"https:\/\/veritastestovi.com\/#organization","name":"Veritas testovi - BTGMED","url":"https:\/\/veritastestovi.com\/","logo":{"@type":"ImageObject","inLanguage":"en-US","@id":"https:\/\/veritastestovi.com\/#\/schema\/logo\/image\/","url":"https:\/\/veritastestovi.com\/wp-content\/uploads\/2021\/04\/btg-med.png","contentUrl":"https:\/\/veritastestovi.com\/wp-content\/uploads\/2021\/04\/btg-med.png","width":1608,"height":536,"caption":"Veritas testovi - BTGMED"},"image":{"@id":"https:\/\/veritastestovi.com\/#\/schema\/logo\/image\/"}}]}},"_links":{"self":[{"href":"https:\/\/veritastestovi.com\/index.php\/wp-json\/wp\/v2\/pages\/2344","targetHints":{"allow":["GET"]}}],"collection":[{"href":"https:\/\/veritastestovi.com\/index.php\/wp-json\/wp\/v2\/pages"}],"about":[{"href":"https:\/\/veritastestovi.com\/index.php\/wp-json\/wp\/v2\/types\/page"}],"author":[{"embeddable":true,"href":"https:\/\/veritastestovi.com\/index.php\/wp-json\/wp\/v2\/users\/2"}],"replies":[{"embeddable":true,"href":"https:\/\/veritastestovi.com\/index.php\/wp-json\/wp\/v2\/comments?post=2344"}],"version-history":[{"count":0,"href":"https:\/\/veritastestovi.com\/index.php\/wp-json\/wp\/v2\/pages\/2344\/revisions"}],"wp:featuredmedia":[{"embeddable":true,"href":"https:\/\/veritastestovi.com\/index.php\/wp-json\/wp\/v2\/media\/3322"}],"wp:attachment":[{"href":"https:\/\/veritastestovi.com\/index.php\/wp-json\/wp\/v2\/media?parent=2344"}],"curies":[{"name":"wp","href":"https:\/\/api.w.org\/{rel}","templated":true}]}}