{"id":3285,"date":"2021-07-29T09:43:13","date_gmt":"2021-07-29T09:43:13","guid":{"rendered":"https:\/\/veritastestovi.com\/?page_id=3285"},"modified":"2021-10-29T13:28:06","modified_gmt":"2021-10-29T13:28:06","slug":"politika-privatnosti","status":"publish","type":"page","link":"https:\/\/veritastestovi.com\/index.php\/politika-privatnosti\/","title":{"rendered":"Politika privatnosti"},"content":{"rendered":"\t\t<div data-elementor-type=\"wp-page\" data-elementor-id=\"3285\" class=\"elementor elementor-3285\" data-elementor-post-type=\"page\">\n\t\t\t\t\t\t<section class=\"elementor-section elementor-top-section elementor-element elementor-element-3149bb2 elementor-section-boxed elementor-section-height-default elementor-section-height-default\" data-id=\"3149bb2\" data-element_type=\"section\">\n\t\t\t\t\t\t<div class=\"elementor-container elementor-column-gap-default\">\n\t\t\t\t\t<div class=\"elementor-column elementor-col-100 elementor-top-column elementor-element elementor-element-090fd74\" data-id=\"090fd74\" data-element_type=\"column\">\n\t\t\t<div class=\"elementor-widget-wrap elementor-element-populated\">\n\t\t\t\t\t\t<div class=\"elementor-element elementor-element-0a2bbe6 elementor-widget elementor-widget-text-editor\" data-id=\"0a2bbe6\" data-element_type=\"widget\" data-widget_type=\"text-editor.default\">\n\t\t\t\t<div class=\"elementor-widget-container\">\n\t\t\t\t\t\t\t\t\t<h2><strong>Politika privatnosti<\/strong><\/h2><p>Privredni subjekat koji stoji iza web stranice veritastestovi.com je dru\u0161tvo sa ograni\u010denom odgovorno\u0161\u0107u\u00a0 \u201eBioTechnology and Genetics d.o.o.\u201c (u daljem tekstu: kompanija).\u00a0 Usluge koje se prodaju na web stranici veritastestovi.com su neinvazivni prenatalni testovi za trudnice i testovi za djecu (u daljem tekstu usluga).<\/p><p>Ova politika opisuje kako, na koji na\u010din i koje podatke prikupljamo i obra\u0111ujemo na web sajtu veritastestovi.com.<\/p><p>Ova Politika privatnosti je u potpunosti uskla\u0111ena sa Zakonom o za\u0161titi li\u010dnih podataka Bosne i Hercegovine (\u201cSl. glasnik BiH\u201d, br. 49\/2006, 76\/2011 i 89\/2011 &#8211; ispr.) i Op\u0161tom regulativom za\u0161tite podataka Evropske Unije (General Data Protection Regulation EU 2016\/679).<\/p><h3><strong>Sadr\u017eaj politike privatnosti<\/strong><\/h3><ul><li>Koje podatke prikupljamo?<\/li><li>Kako prikupljamo podatke?<\/li><li>Kako koristimo i obra\u0111ujemo podatke?<\/li><li>Kako i gdje skladi\u0161timo va\u0161e podatke?<\/li><li>Koja su va\u0161a prava u okviru za\u0161tite podataka?<\/li><li>Koje internet kola\u010di\u0107e prikupljamo?<\/li><li>Kako koristimo internet kola\u010di\u0107e?<\/li><li>Kako upravljamo internet kola\u010di\u0107ima?<\/li><li>Izmjene ove politike privatnosti<\/li><li>Kako da nas kontaktirate<\/li><\/ul><p>\u00a0<\/p><h4><strong>Koji podatke prikupljamo?<\/strong><\/h4><p>Internet stranica veritastestovi.com prikuplja sljede\u0107e podatke:<\/p><p><u>&#8211; Li\u010dne podatke:<\/u><\/p><p>&#8211; Ime i prezime<\/p><p>&#8211; Email adresu<\/p><p>&#8211; Broj telefona<\/p><p>&#8211; Adresu stanovanja<\/p><p>&#8211; Nedjelju trudno\u0107e<\/p><p>&#8211; Stati\u010dku IP adresu (u zavisnosti od posjetioca)<\/p><p><u>&#8211; Podatke koje generi\u0161u posjetioci<\/u><\/p><p>&#8211; Odgovori na pitanja u anketama, upitnicima i drugim formama<\/p><p><u>&#8211; Geografski podaci<\/u><\/p><p>&#8211; Podaci o lokaciji<\/p><p>&#8211; Mre\u017ene i druge tehni\u010dke podatke (kroz serverske logove)<\/p><p>&#8211; Dinami\u010dku IP adresu<\/p><p>&#8211; Vrstu pretra\u017eiva\u010da<\/p><p>&#8211; Vrstu operativnog sistema<\/p><p>&#8211; Vrijeme i datum posjete internet stranici<\/p><h4><strong>KAKO PRIKUPLJAMO PODATKE?<\/strong><\/h4><h5><strong>Uobi\u010dajeno kori\u0161tenje internet stranice<\/strong><\/h5><p>Vi kao posjetioci web stranice veritastestovi.com mo\u017eete pretra\u017eivati web stranicu bez da nam saop\u0161tite svoje li\u010dne podatke. Prilikom va\u0161e posjete mi prikupljamo kroz serverske logove (podrazumijevani proces rada internet servera) koji sadr\u017ee IP adresu (koja u zavisnosti od posjetioca i usluge internet provajdera, mo\u017ee biti stati\u010dka ili dinami\u010dka), vrstu pretra\u017eiva\u010da (poput Google Chrome, Mozilla Firefox, Microsoft Edge, Opera, Safari), vrstu operativnog sistema (poput Windows OS, Mac OS, Linux OS), vrijeme (trajanje) i datum posjete internet stranici veritastestovi.com.<\/p><h5><strong>Prikupljanje li\u010dnih podataka<\/strong><\/h5><p>Sve prikupljeni podaci, posebno li\u010dni, su prikupljeni na osnovu prethodne saglasnosti i na dobrovoljnoj bazi. Na\u010dini na koje prikupljamo li\u010dne podatke:<\/p><p>&#8211; Prilikom prijave za uslugu prenatalnog testiranja\u00a0 prikupljamo ime i prezime posjetioca , email adresu, broj telefona, adresu stanovanja i nedjelju trudno\u0107e<\/p><p>&#8211; Prilikom popunjavanja kontakt forme \u00a0prikupljamo ime i prezime, email i kontakt telefon;<\/p><p>&#8211; Ako posjetilac ima stati\u010dku IP adresu istu prikupljamo putem serverskog log-a.<\/p><h5><strong>Prikupljanje podataka koje generi\u0161u korisnici<\/strong><\/h5><p>Svi podaci koje generi\u0161u korisnici poput pisanih komentara, odgovora u razli\u010ditim formama na internet stranici veritastestovi.com, predstavljaju izraz volje, mi\u0161ljenja i znanja koje posjeduje posjetilac, a koje prikupljamo u cilju dobijanja informacija o usluzi koju pru\u017eamo.<\/p><h5><strong>Prikupljanje podataka putem tre\u0107ih strana (drugih obra\u0111iva\u010da)<\/strong><\/h5><p>Sa ciljem unapre\u0111enja internet stranice i postizanja boljeg korisni\u010dkog iskustva, internet stranica veritastestovi.com koristi sljede\u0107e aplikacije i softvere:<\/p><p>&#8211; Google alati (Google Analytics, Google Ads)<\/p><p>&#8211; Facebook Business (Facebook Pixel),<\/p><p>\u00a0<\/p><p>koji prikupljaju sljede\u0107e podatke:<\/p><p>&#8211; Geografsku lokaciju<\/p><p>&#8211; Datum i vrijeme posjete<\/p><p>&#8211; Internet kola\u010di\u0107e<\/p><p>&#8211; Vrstu pretra\u017eiva\u010da<\/p><p>&#8211; Vrstu operativnog sistema<\/p><p>&#8211; Podatke o kori\u0161tenju Google servisa<\/p><p>&#8211; Podatke prethodno dostupne putem Facebook i Instagram dru\u0161tvenih mre\u017ea<\/p><p>&#8211; Datum i vrijeme posjete<\/p><p>&#8211; Vrstu pretra\u017eiva\u010da<\/p><p>&#8211; Vrstu operativnog Sistema<\/p><h4><strong>KAKO KORISTIMO I OBRA\u0110UJEMO PODATKE<\/strong><\/h4><h5><strong>Uobi\u010dajeno kori\u0161tenje internet stranice<\/strong><\/h5><p>Podaci prikupljeni direktno ili putem tre\u0107ih strana tokom op\u0161teg kori\u0161tenja internet stranice koriste se za analizu trendova i kori\u0161tenja web stranice veritastestovi.com, kao i za unapre\u0111enje korisnosti web stranice, te njene dalje promocije sa ciljem ostvarivanja boljih prodajnih \u00a0rezultata boljeg do\u017eivljaja posjetioca. Ovi podaci nemaju nikakve veze sa li\u010dnim podacima.<\/p><h5><strong>Li\u010dni podaci<\/strong><\/h5><p>Kompanija sve li\u010dne podatke koji su prikupljeni u skladu sa ovom politikom putem internet stranice projekta veritastestovi.com koristimo i obra\u0111ujemo isklju\u010divo radi:<\/p><p>&#8211; Slanja potvrde prijave za uslugu (prenatalni test)<\/p><p>&#8211; Slanje rezultata testa na email ili ku\u0107nu adresu<\/p><p>&#8211; Stupanja u kontakt radi promocije drugih projektnih aktivnosti<\/p><p>&#8211; Stupanja u kontakt radi promocije drugih projekata i aktivnosti firme<\/p><h4><strong>Kako prenosimo i skladi\u0161timo podatke?<\/strong><\/h4><h5>Bezbjedan i enkriptovan transfer<\/h5><p>Internet stranica veritastestovi.com koristi za prenos i transfer podataka isklju\u010divo HTTPS (HTTP Secured) protokol, sa instaliranim SSL \/ TLS certifikatom koji enkriptuje sve podatke u toku transfera. Tako\u0111e, svi podaci koji se skladi\u0161te unutar baze podataka su enkriptovani prije samog \u010duvanja.<\/p><h5><strong>Skladi\u0161tenje podataka<\/strong><\/h5><p>Internet stranica veritastestovi.com koristi usluge web hosting provajdera \u201cContraTeam\u201d. U okviru date usluge koristi se dijeljeni web server na kom se nalazi i baza podataka internet stranice veritastestovi.com. Lokacija web servera je: Beograd, Republika Srbija. Internet stranica veritastestovi.com \u0107e podatke \u010duvati dok klijent ne zavr\u0161i uslugu a najvi\u0161e 10 godina. \u00a0Nakon tog vremenskog perioda svi podaci \u0107e biti obrisani.<\/p><h4><strong>INTERNET KOLA\u010cI\u0106I<\/strong><\/h4><h5><strong>\u0160ta su to internet kola\u010di\u0107i?<\/strong><\/h5><p>Internet kola\u010di\u0107i (eng. cookies) su tekstualni fajlovi koji su skladi\u0161teni na va\u0161em ra\u010dunaru da sakupljaju standardne Internet log-ove i podatke o korisnikovom pona\u0161anju.<\/p><h5><strong>Kako ih mi koristimo?<\/strong><\/h5><p>Kada posjetilac posjeti internet stranicu veritastestovi.com \u00a0mi mo\u017eemo automatski da koristimo prikupljene podatke u kola\u010di\u0107ima sa elektronskog ure\u0111aja posjetioca sa ciljem \u0161to boljeg i prilago\u0111enijeg prikaza na\u0161e internet stranice.<\/p><h5><strong>Koje sve internet kola\u010di\u0107e koristimo?<\/strong><\/h5><p>&#8211; Funkcionalne (internet kola\u010di\u0107i koji slu\u017ee da prepoznamo posjetioce i pru\u017eimo ve\u0107e korisni\u010dko iskustvo istima, ali nikako da identifikujemo posjetioce)<\/p><p>&#8211; Marketin\u0161ke (internet kola\u010di\u0107i koji slu\u017ee radi unapre\u0111enja promocije i plasiranja personalizovanih reklama na internet stranici)<\/p><h5><strong>Kako mo\u017eete upravljati internet kola\u010di\u0107ima?<\/strong><\/h5><p>Da zabranite prihvatanje internet kola\u010di\u0107a, potrebno je da unutar va\u0161eg internet pretra\u017eiva\u010da podesite da isti ne prihvata internet kola\u010di\u0107e od ove internet stranice ili od svih.<\/p><h4><strong>Prava na za\u0161titu podataka<\/strong><\/h4><p>Internet stranica veritastestovi.com obezbje\u0111uje u cilju za\u0161tite i privatnosti podataka svim posjetiocima bez izuzetka slede\u0107a prava:<\/p><p>&#8211; Pravo na pristup: Posjetioci imaju pravo na kopiju informacije o njihovim li\u010dnim podacima, bez ikakve naknade.<\/p><p>&#8211; Pravo na ispravljanje: Posjetioci imaju pravo da izmjene odnosno isprave bilo koji li\u010dni podatak za koji smatraju da nije ta\u010dan.<\/p><p>&#8211; Pravo na brisanje: Posjetioci imaju pravo na brisanje li\u010dnih podataka, pod odre\u0111enim uslovima.<\/p><p>&#8211; Pravo na zabranu obrade: Posjetioci imaju pravo da zabrane obradu li\u010dnih podataka ili da obri\u0161u dio obrade koji se odnosi ili koji uklju\u010duje njihove li\u010dne podatke.<\/p><p>&#8211; Pravo na prenos podataka: Posjetioci imaju pravo na prenos prikupljenih podataka ka drugim sajtovima, firmama i organizacijama ili prenos direktno posjetiocu, pod odre\u0111enim uslovima.<\/p><p>Sva gore navedena prava posjetioci mogu ostvariti slanjem zahtjeva na info@btgmed.com, na koji kao internet stranica veritastestovi.com \u0107emo odgovoriti najkasnije u roku do mjesec dana.<\/p><h4><strong>POLITIKE PRIVATNOSTI DRUGIH POVEZANIH INTERNET STRANICA<\/strong><\/h4><p>Internet stranica veritastestovi.com mo\u017ee da sadr\u017ei veze ka drugim internet stranicama. Ova Politika privatnosti isklju\u010divo va\u017ei za veritastestovi.com stranicu, s toga ukoliko budete preusmjereni na neku drugu internet stranicu, trebali biste pro\u010ditati politike privatnosti na toj drugoj internet stranici.<\/p><h4><strong>Promjene u Politici privatnosti<\/strong><\/h4><p>Internet stranica veritastestovi.com \u00a0zadr\u017eava pravo izmjene Politike privatnosti, s toga prilikom izmjene Politike privatnosti a\u017eurira\u0107emo ovu stranicu.<\/p><p>Ova politika privatnosti poslednji put je a\u017eurirana 29.07.2021. godine.<\/p><h4><strong>Kako da nas kontaktirate?<\/strong><\/h4><p>Ukoliko imate bilo kakvo pitanje u vezi bezbjednosti i za\u0161tite podataka ili same Politike privatnosti mo\u017eete nas kontaktirati putem slede\u0107ih kontakata, a mi \u0107emo nastojati da odgovorimo u najkra\u0107em mogu\u0107em periodu.<\/p><p>Email: <a href=\"mailto:info@btgmed.com\">info@btgmed.com<\/a>\u00a0<\/p><p>Telefon: +38751213640<\/p>\t\t\t\t\t\t\t\t<\/div>\n\t\t\t\t<\/div>\n\t\t\t\t\t<\/div>\n\t\t<\/div>\n\t\t\t\t\t<\/div>\n\t\t<\/section>\n\t\t\t\t<\/div>\n\t\t","protected":false},"excerpt":{"rendered":"<p>Politika privatnosti Privredni subjekat koji stoji iza web stranice veritastestovi.com je dru\u0161tvo sa ograni\u010denom odgovorno\u0161\u0107u\u00a0 \u201eBioTechnology and Genetics d.o.o.\u201c (u daljem tekstu: kompanija).\u00a0 Usluge koje se prodaju na web stranici veritastestovi.com su neinvazivni prenatalni testovi za trudnice i testovi za djecu (u daljem tekstu usluga). Ova politika opisuje kako, na koji na\u010din i koje podatke [&hellip;]<\/p>\n","protected":false},"author":2,"featured_media":0,"parent":0,"menu_order":0,"comment_status":"closed","ping_status":"closed","template":"","meta":{"footnotes":""},"class_list":["post-3285","page","type-page","status-publish","hentry"],"yoast_head":"<!-- This site is optimized with the Yoast SEO plugin v26.1.1 - https:\/\/yoast.com\/wordpress\/plugins\/seo\/ -->\n<title>Politka privatnosti - Veritas Genetski Testovi<\/title>\n<meta name=\"robots\" content=\"index, follow, max-snippet:-1, max-image-preview:large, max-video-preview:-1\" \/>\n<link rel=\"canonical\" href=\"https:\/\/veritastestovi.com\/index.php\/politika-privatnosti\/\" \/>\n<meta property=\"og:locale\" content=\"en_US\" \/>\n<meta property=\"og:type\" content=\"article\" \/>\n<meta property=\"og:title\" content=\"Politka privatnosti - Veritas Genetski Testovi\" \/>\n<meta property=\"og:description\" content=\"Politika privatnosti Privredni subjekat koji stoji iza web stranice veritastestovi.com je dru\u0161tvo sa ograni\u010denom odgovorno\u0161\u0107u\u00a0 \u201eBioTechnology and Genetics d.o.o.\u201c (u daljem tekstu: kompanija).\u00a0 Usluge koje se prodaju na web stranici veritastestovi.com su neinvazivni prenatalni testovi za trudnice i testovi za djecu (u daljem tekstu usluga). Ova politika opisuje kako, na koji na\u010din i koje podatke [&hellip;]\" \/>\n<meta property=\"og:url\" content=\"https:\/\/veritastestovi.com\/index.php\/politika-privatnosti\/\" \/>\n<meta property=\"og:site_name\" content=\"Veritas Genetski Testovi\" \/>\n<meta property=\"article:modified_time\" content=\"2021-10-29T13:28:06+00:00\" \/>\n<meta property=\"og:image\" content=\"https:\/\/veritastestovi.com\/wp-content\/uploads\/2021\/08\/naruci-veritas-test.jpg\" \/>\n\t<meta property=\"og:image:width\" content=\"1200\" \/>\n\t<meta property=\"og:image:height\" content=\"628\" \/>\n\t<meta property=\"og:image:type\" content=\"image\/jpeg\" \/>\n<meta name=\"twitter:card\" content=\"summary_large_image\" \/>\n<meta name=\"twitter:label1\" content=\"Est. reading time\" \/>\n\t<meta name=\"twitter:data1\" content=\"5 minutes\" \/>\n<script type=\"application\/ld+json\" class=\"yoast-schema-graph\">{\"@context\":\"https:\/\/schema.org\",\"@graph\":[{\"@type\":\"WebPage\",\"@id\":\"https:\/\/veritastestovi.com\/index.php\/politika-privatnosti\/\",\"url\":\"https:\/\/veritastestovi.com\/index.php\/politika-privatnosti\/\",\"name\":\"Politka privatnosti - Veritas Genetski Testovi\",\"isPartOf\":{\"@id\":\"https:\/\/veritastestovi.com\/#website\"},\"datePublished\":\"2021-07-29T09:43:13+00:00\",\"dateModified\":\"2021-10-29T13:28:06+00:00\",\"breadcrumb\":{\"@id\":\"https:\/\/veritastestovi.com\/index.php\/politika-privatnosti\/#breadcrumb\"},\"inLanguage\":\"en-US\",\"potentialAction\":[{\"@type\":\"ReadAction\",\"target\":[\"https:\/\/veritastestovi.com\/index.php\/politika-privatnosti\/\"]}]},{\"@type\":\"BreadcrumbList\",\"@id\":\"https:\/\/veritastestovi.com\/index.php\/politika-privatnosti\/#breadcrumb\",\"itemListElement\":[{\"@type\":\"ListItem\",\"position\":1,\"name\":\"Home\",\"item\":\"https:\/\/veritastestovi.com\/\"},{\"@type\":\"ListItem\",\"position\":2,\"name\":\"Politika privatnosti\"}]},{\"@type\":\"WebSite\",\"@id\":\"https:\/\/veritastestovi.com\/#website\",\"url\":\"https:\/\/veritastestovi.com\/\",\"name\":\"Veritas Genetski Testovi\",\"description\":\"\",\"publisher\":{\"@id\":\"https:\/\/veritastestovi.com\/#organization\"},\"potentialAction\":[{\"@type\":\"SearchAction\",\"target\":{\"@type\":\"EntryPoint\",\"urlTemplate\":\"https:\/\/veritastestovi.com\/?s={search_term_string}\"},\"query-input\":{\"@type\":\"PropertyValueSpecification\",\"valueRequired\":true,\"valueName\":\"search_term_string\"}}],\"inLanguage\":\"en-US\"},{\"@type\":\"Organization\",\"@id\":\"https:\/\/veritastestovi.com\/#organization\",\"name\":\"Veritas testovi - BTGMED\",\"url\":\"https:\/\/veritastestovi.com\/\",\"logo\":{\"@type\":\"ImageObject\",\"inLanguage\":\"en-US\",\"@id\":\"https:\/\/veritastestovi.com\/#\/schema\/logo\/image\/\",\"url\":\"https:\/\/veritastestovi.com\/wp-content\/uploads\/2021\/04\/btg-med.png\",\"contentUrl\":\"https:\/\/veritastestovi.com\/wp-content\/uploads\/2021\/04\/btg-med.png\",\"width\":1608,\"height\":536,\"caption\":\"Veritas testovi - BTGMED\"},\"image\":{\"@id\":\"https:\/\/veritastestovi.com\/#\/schema\/logo\/image\/\"}}]}<\/script>\n<!-- \/ Yoast SEO plugin. -->","yoast_head_json":{"title":"Politka privatnosti - Veritas Genetski Testovi","robots":{"index":"index","follow":"follow","max-snippet":"max-snippet:-1","max-image-preview":"max-image-preview:large","max-video-preview":"max-video-preview:-1"},"canonical":"https:\/\/veritastestovi.com\/index.php\/politika-privatnosti\/","og_locale":"en_US","og_type":"article","og_title":"Politka privatnosti - Veritas Genetski Testovi","og_description":"Politika privatnosti Privredni subjekat koji stoji iza web stranice veritastestovi.com je dru\u0161tvo sa ograni\u010denom odgovorno\u0161\u0107u\u00a0 \u201eBioTechnology and Genetics d.o.o.\u201c (u daljem tekstu: kompanija).\u00a0 Usluge koje se prodaju na web stranici veritastestovi.com su neinvazivni prenatalni testovi za trudnice i testovi za djecu (u daljem tekstu usluga). Ova politika opisuje kako, na koji na\u010din i koje podatke [&hellip;]","og_url":"https:\/\/veritastestovi.com\/index.php\/politika-privatnosti\/","og_site_name":"Veritas Genetski Testovi","article_modified_time":"2021-10-29T13:28:06+00:00","og_image":[{"width":1200,"height":628,"url":"https:\/\/veritastestovi.com\/wp-content\/uploads\/2021\/08\/naruci-veritas-test.jpg","type":"image\/jpeg"}],"twitter_card":"summary_large_image","twitter_misc":{"Est. reading time":"5 minutes"},"schema":{"@context":"https:\/\/schema.org","@graph":[{"@type":"WebPage","@id":"https:\/\/veritastestovi.com\/index.php\/politika-privatnosti\/","url":"https:\/\/veritastestovi.com\/index.php\/politika-privatnosti\/","name":"Politka privatnosti - Veritas Genetski Testovi","isPartOf":{"@id":"https:\/\/veritastestovi.com\/#website"},"datePublished":"2021-07-29T09:43:13+00:00","dateModified":"2021-10-29T13:28:06+00:00","breadcrumb":{"@id":"https:\/\/veritastestovi.com\/index.php\/politika-privatnosti\/#breadcrumb"},"inLanguage":"en-US","potentialAction":[{"@type":"ReadAction","target":["https:\/\/veritastestovi.com\/index.php\/politika-privatnosti\/"]}]},{"@type":"BreadcrumbList","@id":"https:\/\/veritastestovi.com\/index.php\/politika-privatnosti\/#breadcrumb","itemListElement":[{"@type":"ListItem","position":1,"name":"Home","item":"https:\/\/veritastestovi.com\/"},{"@type":"ListItem","position":2,"name":"Politika privatnosti"}]},{"@type":"WebSite","@id":"https:\/\/veritastestovi.com\/#website","url":"https:\/\/veritastestovi.com\/","name":"Veritas Genetski Testovi","description":"","publisher":{"@id":"https:\/\/veritastestovi.com\/#organization"},"potentialAction":[{"@type":"SearchAction","target":{"@type":"EntryPoint","urlTemplate":"https:\/\/veritastestovi.com\/?s={search_term_string}"},"query-input":{"@type":"PropertyValueSpecification","valueRequired":true,"valueName":"search_term_string"}}],"inLanguage":"en-US"},{"@type":"Organization","@id":"https:\/\/veritastestovi.com\/#organization","name":"Veritas testovi - BTGMED","url":"https:\/\/veritastestovi.com\/","logo":{"@type":"ImageObject","inLanguage":"en-US","@id":"https:\/\/veritastestovi.com\/#\/schema\/logo\/image\/","url":"https:\/\/veritastestovi.com\/wp-content\/uploads\/2021\/04\/btg-med.png","contentUrl":"https:\/\/veritastestovi.com\/wp-content\/uploads\/2021\/04\/btg-med.png","width":1608,"height":536,"caption":"Veritas testovi - BTGMED"},"image":{"@id":"https:\/\/veritastestovi.com\/#\/schema\/logo\/image\/"}}]}},"_links":{"self":[{"href":"https:\/\/veritastestovi.com\/index.php\/wp-json\/wp\/v2\/pages\/3285","targetHints":{"allow":["GET"]}}],"collection":[{"href":"https:\/\/veritastestovi.com\/index.php\/wp-json\/wp\/v2\/pages"}],"about":[{"href":"https:\/\/veritastestovi.com\/index.php\/wp-json\/wp\/v2\/types\/page"}],"author":[{"embeddable":true,"href":"https:\/\/veritastestovi.com\/index.php\/wp-json\/wp\/v2\/users\/2"}],"replies":[{"embeddable":true,"href":"https:\/\/veritastestovi.com\/index.php\/wp-json\/wp\/v2\/comments?post=3285"}],"version-history":[{"count":0,"href":"https:\/\/veritastestovi.com\/index.php\/wp-json\/wp\/v2\/pages\/3285\/revisions"}],"wp:attachment":[{"href":"https:\/\/veritastestovi.com\/index.php\/wp-json\/wp\/v2\/media?parent=3285"}],"curies":[{"name":"wp","href":"https:\/\/api.w.org\/{rel}","templated":true}]}}