{"id":3543,"date":"2021-09-03T13:06:32","date_gmt":"2021-09-03T13:06:32","guid":{"rendered":"https:\/\/veritastestovi.com\/?page_id=3543"},"modified":"2021-09-03T13:16:41","modified_gmt":"2021-09-03T13:16:41","slug":"politika-privatnosti-2","status":"publish","type":"page","link":"https:\/\/veritastestovi.com\/index.php\/politika-privatnosti-2\/","title":{"rendered":""},"content":{"rendered":"\t\t<div data-elementor-type=\"wp-page\" data-elementor-id=\"3543\" class=\"elementor elementor-3543\" data-elementor-post-type=\"page\">\n\t\t\t\t\t\t<section class=\"elementor-section elementor-top-section elementor-element elementor-element-3149bb2 elementor-section-boxed elementor-section-height-default elementor-section-height-default\" data-id=\"3149bb2\" data-element_type=\"section\" data-e-type=\"section\">\n\t\t\t\t\t\t<div class=\"elementor-container elementor-column-gap-default\">\n\t\t\t\t\t<div class=\"elementor-column elementor-col-100 elementor-top-column elementor-element elementor-element-090fd74\" data-id=\"090fd74\" data-element_type=\"column\" data-e-type=\"column\">\n\t\t\t<div class=\"elementor-widget-wrap elementor-element-populated\">\n\t\t\t\t\t\t<div class=\"elementor-element elementor-element-0a2bbe6 elementor-widget elementor-widget-text-editor\" data-id=\"0a2bbe6\" data-element_type=\"widget\" data-e-type=\"widget\" data-widget_type=\"text-editor.default\">\n\t\t\t\t<div class=\"elementor-widget-container\">\n\t\t\t\t\t\t\t\t\t<h2><strong>Politika privatnosti<\/strong><\/h2><p>Privredni subjekt koji stoji iza web stranice veritastestovi.com je dru\u0161tvo s ograni\u010denom odgovorno\u0161\u0107u\u00a0 \u201eBioTechnology and Genetics d.o.o.\u201c (u daljnjem tekstu: kompanija).\u00a0 Usluge koje se prodaju na web stranici veritastestovi.com su neinvazivni prenatalni testovi za trudnice i testovi za djecu (u daljnjem tekstu usluga).<\/p><p>Ova politika opisuje kako, na koji na\u010din i koje podatke prikupljamo i obra\u0111ujemo na web stranici veritastestovi.com.<\/p><p>Ova Politika privatnosti je u potpunosti uskla\u0111ena sa Zakonom o za\u0161titi osobnih podataka Bosne i Hercegovine (\u201cSl. glasnik BiH\u201d, br. 49\/2006, 76\/2011 i 89\/2011 \u2013 ispr.) i Op\u0107om regulativom za\u0161tite podataka Europske Unije (General Data Protection Regulation EU 2016\/679).<\/p><h3><strong>Sadr\u017eaj politike privatnosti<\/strong><\/h3><ul><li>Koje podatke prikupljamo?<\/li><li>Kako prikupljamo podatke?<\/li><li>Kako koristimo i obra\u0111ujemo podatke?<\/li><li>Kako i gdje skladi\u0161timo Va\u0161e podatke?<\/li><li>Koja su Va\u0161a prava u okviru za\u0161tite podataka?<\/li><li>Koje internet kola\u010di\u0107e prikupljamo?<\/li><li>Kako koristimo internet kola\u010di\u0107e?<\/li><li>Kako upravljamo internet kola\u010di\u0107ima?<\/li><li>Izmjene ove politike privatnosti<\/li><li>Kako nas kontaktirati?<\/li><\/ul><h4><strong>Koje podatke prikupljamo?<\/strong><\/h4><p>Internet stranica veritastestovi.com prikuplja sljede\u0107e podatke:<\/p><p><u>&#8211; Osobne podatke:<\/u><\/p><p>&#8211; Ime i prezime<\/p><p>&#8211; Email adresu<\/p><p>&#8211; Broj telefona<\/p><p>&#8211; Adresu stanovanja<\/p><p>&#8211; OIB<\/p><p>&#8211; Podatke o trudno\u0107i<\/p><p>&#8211; Stati\u010dku IP adresu (u ovisnosti od posjetitelja)<\/p><p><u>&#8211; Podatke koje generiraju posjetitelji<\/u><\/p><p>&#8211; Odgovore na pitanja u anketama, upitnicima i drugim formama<\/p><p><u>&#8211; Geografski podaci<\/u><\/p><p>&#8211; Podaci o lokaciji<\/p><p>&#8211; Mre\u017ene i druge tehni\u010dke podatke (kroz serverske logove)<\/p><p>&#8211; Dinami\u010dku IP adresu<\/p><p>&#8211; Vrstu pretra\u017eiva\u010da<\/p><p>&#8211; Vrstu operativnog sistema<\/p><p>&#8211; Vrijeme i datum posjete internet stranici<\/p><h4><strong>KAKO PRIKUPLJAMO PODATKE?<\/strong><\/h4><h5><strong>Uobi\u010dajeno kori\u0161tenje internet stranice<\/strong><\/h5><p>Vi kao posjetitelji web stranice veritastestovi.com mo\u017eete pretra\u017eivati web stranicu bez da nam obznanite svoje osobne podatke. Prilikom Va\u0161e posjete mi prikupljamo kroz serverske logove (podrazumijevani proces rada internet servera) koji sadr\u017ee IP adresu (koja u zavisnosti od posjetitelja i usluge internet provajdera, mo\u017ee biti stati\u010dka ili dinami\u010dka), vrstu pretra\u017eiva\u010da (poput Google Chrome, Mozilla Firefox, Microsoft Edge, Opera, Safari), vrstu operativnog sistema (poput Windows OS, Mac OS, Linux OS), vrijeme (trajanje) i datum posjete internet stranici veritastestovi.com.<\/p><h5><strong>Prikupljanje osobnih podataka<\/strong><\/h5><p>Svi prikupljeni podaci, posebno osobni, su prikupljeni na osnovu prethodne suglasnosti i na dobrovoljnoj bazi. Na\u010dini na koje prikupljamo osobne podatke:<\/p><p>&#8211; Prilikom prijave za uslugu prenatalnog testiranja prikupljamo ime i prezime posjetitelja , email adresu, broj telefona, adresu stanovanja, OIB i podatke o trudno\u0107i<\/p><p>&#8211; Prilikom ispunjavanja kontakt forme prikupljamo ime i prezime, email i kontakt telefon;<\/p><p>&#8211; Ako posjetitelj ima stati\u010dku IP adresu istu prikupljamo putem serverskog log-a.<\/p><h5><strong>Prikupljanje podataka koje generiraju korisnici<\/strong><\/h5><p>Svi podaci koje generiraju korisnici poput pisanih komentara, odgovora u razli\u010ditim formama na internet stranici veritastestovi.com, predstavljaju izraz volje, mi\u0161ljenja i znanja koje posjeduje posjetitelj, a koje prikupljamo u cilju dobijanja informacija o usluzi koju pru\u017eamo.<\/p><h5><strong>Prikupljanje podataka putem tre\u0107ih strana (drugih obra\u0111iva\u010da)<\/strong><\/h5><p>S ciljem unaprje\u0111enja internet stranice i postizanja boljeg korisni\u010dkog iskustva, internet stranica veritastestovi.com koristi sljede\u0107e aplikacije i softvere:<\/p><p>&#8211; Google alati (Google Analytics, Google Ads)<\/p><p>&#8211; Facebook Business (Facebook Pixel),<\/p><p>\u00a0<\/p><p>koji prikupljaju sljede\u0107e podatke:<\/p><p>&#8211; Geografsku lokaciju<\/p><p>&#8211; Datum i vrijeme posjete<\/p><p>&#8211; Internet kola\u010di\u0107e<\/p><p>&#8211; Vrstu pretra\u017eiva\u010da<\/p><p>&#8211; Vrstu operativnog sistema<\/p><p>&#8211; Podatke o kori\u0161tenju Google servisa<\/p><p>&#8211; Podatke prethodno dostupne putem Facebook i Instagram dru\u0161tvenih mre\u017ea<\/p><p>&#8211; Datum i vrijeme posjete<\/p><p>&#8211; Vrstu pretra\u017eiva\u010da<\/p><p>&#8211; Vrstu operativnog Sistema<\/p><h4><strong>KAKO KORISTIMO I OBRA\u0110UJEMO PODATKE<\/strong><\/h4><h5><strong>Uobi\u010dajeno kori\u0161tenje internet stranice<\/strong><\/h5><p>Podaci prikupljeni direktno ili putem tre\u0107ih strana tijekom op\u0107eg kori\u0161tenja internet stranice koriste se za analizu trendova i kori\u0161tenja web stranice veritastestovi.com, kao i za unaprje\u0111enje korisnosti web stranice, te njene daljnje promocije s ciljem ostvarivanja boljih prodajnih rezultata i boljeg do\u017eivljaja posjetitelja. Ovi podaci nemaju nikakve veze s osobnim podacima.<\/p><h5><strong>Li\u010dni podaci<\/strong><\/h5><p>Kompanija sve li\u010dne podatke koji su prikupljeni u skladu sa ovom politikom putem internet stranice projekta veritastestovi.com koristimo i obra\u0111ujemo isklju\u010divo radi:<\/p><p>&#8211; Slanja potvrde prijave za uslugu (prenatalni test)<\/p><p>&#8211; Slanja rezultata testa na email ili ku\u0107nu adresu<\/p><p>&#8211; Stupanja u kontakt radi promocije drugih projektnih aktivnosti<\/p><p>&#8211; Stupanja u kontakt radi promocije drugih projekata i aktivnosti firme<\/p><h4><strong>Kako prenosimo i skladi\u0161timo podatke?<\/strong><\/h4><h5>Siguran i enkriptiran transfer<\/h5><p>Internet stranica veritastestovi.com koristi za prijenos i transfer podataka isklju\u010divo HTTPS (HTTP Secured) protokol, s instaliranim SSL \/ TLS certifikatom koji enkriptira sve podatke tijekom transfera. Tako\u0111er, svi podaci koji se skladi\u0161te unutar baze podataka su enkriptirani prije samog \u010duvanja.<\/p><h5><strong>Skladi\u0161tenje podataka<\/strong><\/h5><p>Internet stranica veritastestovi.com koristi usluge web hosting providera \u201cContraTeam\u201d. U okviru date usluge koristi se dijeljeni web server na kom se nalazi i baza podataka internet stranice veritastestovi.com. Lokacija web servera je: Beograd, Republika Srbija. Internet stranica veritastestovi.com \u0107e podatke \u010duvati dok klijent ne zavr\u0161i uslugu a najvi\u0161e 10 godina. \u00a0Nakon tog vremenskog perioda svi podaci \u0107e biti obrisani.<\/p><h4><strong>INTERNET KOLA\u010cI\u0106I<\/strong><\/h4><h5><strong>\u0160to su to internet kola\u010di\u0107i?<\/strong><\/h5><p>Internet kola\u010di\u0107i (eng. cookies) su tekstualne datoteke koje su skladi\u0161tene na Va\u0161em ra\u010dunalu radi skupljanja standardnih Internet log-ova i podataka o korisnikovom pona\u0161anju.<\/p><h5><strong>Kako ih mi koristimo?<\/strong><\/h5><p>Kada posjetitelj posjeti internet stranicu veritastestovi.com mi mo\u017eemo automatski koristiti prikupljene podatke u kola\u010di\u0107ima s elektronskog ure\u0111aja posjetitelja s ciljem \u0161to boljeg i prilago\u0111enijeg prikaza na\u0161e internet stranice.<\/p><h5><strong>Koje sve internet kola\u010di\u0107e koristimo?<\/strong><\/h5><p>&#8211; Funkcionalne (internet kola\u010di\u0107i koji slu\u017ee prepoznati posjetitelje i pru\u017eiti ve\u0107e korisni\u010dko iskustvo istima, ali nikako da identificiraju posjetitelje)<\/p><p>&#8211; Marketin\u0161ke (internet kola\u010di\u0107i koji slu\u017ee radi unaprje\u0111enja promocije i plasiranja personaliziranih reklama na internet stranici)<\/p><h5><strong>Kako mo\u017eete upravljati internet kola\u010di\u0107ima?<\/strong><\/h5><p>Da zabranite prihva\u0107anje internet kola\u010di\u0107a, potrebno je unutar Va\u0161eg internet pretra\u017eiva\u010da podesiti da isti ne prihva\u0107a internet kola\u010di\u0107e od ove internet stranice ili od svih.<\/p><h4><strong>Prava na za\u0161titu podataka<\/strong><\/h4><p>Internet stranica veritastestovi.com osigurava u cilju za\u0161tite i privatnosti podataka svim posjetiocima bez izuzetka slede\u0107a prava:<\/p><p>&#8211; Pravo na pristup: Posjetioci imaju pravo na kopiju informacije o njihovim osobnih podacima, bez ikakve naknade.<\/p><p>&#8211; Pravo na ispravljanje: Posjetitelji imaju pravo izmjeniti odnosno ispraviti bilo koji osobni podatak za koji smatraju da nije to\u010dan.<\/p><p>&#8211; Pravo na brisanje: Posjetitelji imaju pravo na brisanje osobnih podataka, pod odre\u0111enim uvjetima.<\/p><p>&#8211; Pravo na zabranu obrade: Posjetitelji imaju pravo zabraniti obradu osobnih podataka ili obrisati dio obrade koji se odnosi ili koji uklju\u010duje njihove osobne podatke.<\/p><p>&#8211; Pravo na prijenos podataka: Posjetitelji imaju pravo na prijenos prikupljenih podataka drugim stranicama, firmama i organizacijama ili prijenos direktno posjetitelju, pod odre\u0111enim uvjetima.<\/p><p>Sva gore navedena prava posjetitelji mogu ostvariti slanjem zahtjeva na info@btgmed.com, na koji kao internet stranica veritastestovi.com \u0107emo odgovoriti najkasnije u roku do mjesec dana.<\/p><h4><strong>POLITIKE PRIVATNOSTI DRUGIH POVEZANIH INTERNET STRANICA<\/strong><\/h4><p>Internet stranica veritastestovi.com mo\u017ee sadr\u017eavati veze ka drugim internet stranicama. Ova Politika privatnosti isklju\u010divo vrijedi za veritastestovi.com stranicu, s toga ukoliko budete preusmjereni na neku drugu internet stranicu, trebali biste pro\u010ditati politike privatnosti na toj drugoj internet stranici.<\/p><h4><strong>Promjene u Politici privatnosti<\/strong><\/h4><p>Internet stranica veritastestovi.com zadr\u017eava pravo izmjene Politike privatnosti, stoga \u0107emo prilikom izmjene Politike privatnosti a\u017eurirati ovu stranicu.<\/p><p>Ova politika privatnosti poslednji put je a\u017eurirana 29.07.2021. godine.<\/p><h4><strong>Kako nas kontaktirati?<\/strong><\/h4><p>Ukoliko imate bilo kakvo pitanje u vezi sigurnosti i za\u0161tite podataka ili same Politike privatnosti mo\u017eete nas kontaktirati putem sljede\u0107ih kontakata, a mi \u0107emo nastojati da odgovorimo u najkra\u0107em mogu\u0107em periodu.<\/p><p>Email: <a href=\"mailto:info@btgmed.com\">info@btgmed.com<\/a>\u00a0<\/p><p>Telefon: +38751213640<\/p>\t\t\t\t\t\t\t\t<\/div>\n\t\t\t\t<\/div>\n\t\t\t\t\t<\/div>\n\t\t<\/div>\n\t\t\t\t\t<\/div>\n\t\t<\/section>\n\t\t\t\t<\/div>\n\t\t","protected":false},"excerpt":{"rendered":"<p>Politika privatnosti Privredni subjekt koji stoji iza web stranice veritastestovi.com je dru\u0161tvo s ograni\u010denom odgovorno\u0161\u0107u&nbsp; \u201eBioTechnology and Genetics d.o.o.\u201c (u daljnjem tekstu: kompanija).&nbsp; Usluge koje se prodaju na web stranici veritastestovi.com su neinvazivni prenatalni testovi za trudnice i testovi za djecu (u daljnjem tekstu usluga). Ova politika opisuje kako, na koji na\u010din i koje podatke [&hellip;]<\/p>\n","protected":false},"author":2,"featured_media":0,"parent":0,"menu_order":0,"comment_status":"closed","ping_status":"closed","template":"","meta":{"footnotes":""},"class_list":["post-3543","page","type-page","status-publish","hentry"],"yoast_head":"<!-- This site is optimized with the Yoast SEO plugin v27.3 - https:\/\/yoast.com\/product\/yoast-seo-wordpress\/ -->\n<title>Politka privatnosti - Veritas Genetski Testovi<\/title>\n<meta name=\"robots\" content=\"index, follow, max-snippet:-1, max-image-preview:large, max-video-preview:-1\" \/>\n<link rel=\"canonical\" href=\"https:\/\/veritastestovi.com\/index.php\/politika-privatnosti-2\/\" \/>\n<meta property=\"og:locale\" content=\"en_US\" \/>\n<meta property=\"og:type\" content=\"article\" \/>\n<meta property=\"og:title\" content=\"Politka privatnosti - Veritas Genetski Testovi\" \/>\n<meta property=\"og:description\" content=\"Politika privatnosti Privredni subjekt koji stoji iza web stranice veritastestovi.com je dru\u0161tvo s ograni\u010denom odgovorno\u0161\u0107u&nbsp; \u201eBioTechnology and Genetics d.o.o.\u201c (u daljnjem tekstu: kompanija).&nbsp; Usluge koje se prodaju na web stranici veritastestovi.com su neinvazivni prenatalni testovi za trudnice i testovi za djecu (u daljnjem tekstu usluga). Ova politika opisuje kako, na koji na\u010din i koje podatke [&hellip;]\" \/>\n<meta property=\"og:url\" content=\"https:\/\/veritastestovi.com\/index.php\/politika-privatnosti-2\/\" \/>\n<meta property=\"og:site_name\" content=\"Veritas Genetski Testovi\" \/>\n<meta property=\"article:modified_time\" content=\"2021-09-03T13:16:41+00:00\" \/>\n<meta property=\"og:image\" content=\"https:\/\/veritastestovi.com\/wp-content\/uploads\/2021\/08\/naruci-veritas-test.jpg\" \/>\n\t<meta property=\"og:image:width\" content=\"1200\" \/>\n\t<meta property=\"og:image:height\" content=\"628\" \/>\n\t<meta property=\"og:image:type\" content=\"image\/jpeg\" \/>\n<meta name=\"twitter:card\" content=\"summary_large_image\" \/>\n<meta name=\"twitter:label1\" content=\"Est. reading time\" \/>\n\t<meta name=\"twitter:data1\" content=\"5 minutes\" \/>\n<script type=\"application\/ld+json\" class=\"yoast-schema-graph\">{\"@context\":\"https:\\\/\\\/schema.org\",\"@graph\":[{\"@type\":\"WebPage\",\"@id\":\"https:\\\/\\\/veritastestovi.com\\\/index.php\\\/politika-privatnosti-2\\\/\",\"url\":\"https:\\\/\\\/veritastestovi.com\\\/index.php\\\/politika-privatnosti-2\\\/\",\"name\":\"Politka privatnosti - Veritas Genetski Testovi\",\"isPartOf\":{\"@id\":\"https:\\\/\\\/veritastestovi.com\\\/#website\"},\"datePublished\":\"2021-09-03T13:06:32+00:00\",\"dateModified\":\"2021-09-03T13:16:41+00:00\",\"inLanguage\":\"en-US\",\"potentialAction\":[{\"@type\":\"ReadAction\",\"target\":[\"https:\\\/\\\/veritastestovi.com\\\/index.php\\\/politika-privatnosti-2\\\/\"]}]},{\"@type\":\"WebSite\",\"@id\":\"https:\\\/\\\/veritastestovi.com\\\/#website\",\"url\":\"https:\\\/\\\/veritastestovi.com\\\/\",\"name\":\"Veritas Genetski Testovi\",\"description\":\"\",\"publisher\":{\"@id\":\"https:\\\/\\\/veritastestovi.com\\\/#organization\"},\"potentialAction\":[{\"@type\":\"SearchAction\",\"target\":{\"@type\":\"EntryPoint\",\"urlTemplate\":\"https:\\\/\\\/veritastestovi.com\\\/?s={search_term_string}\"},\"query-input\":{\"@type\":\"PropertyValueSpecification\",\"valueRequired\":true,\"valueName\":\"search_term_string\"}}],\"inLanguage\":\"en-US\"},{\"@type\":\"Organization\",\"@id\":\"https:\\\/\\\/veritastestovi.com\\\/#organization\",\"name\":\"Veritas testovi - BTGMED\",\"url\":\"https:\\\/\\\/veritastestovi.com\\\/\",\"logo\":{\"@type\":\"ImageObject\",\"inLanguage\":\"en-US\",\"@id\":\"https:\\\/\\\/veritastestovi.com\\\/#\\\/schema\\\/logo\\\/image\\\/\",\"url\":\"https:\\\/\\\/veritastestovi.com\\\/wp-content\\\/uploads\\\/2021\\\/04\\\/btg-med.png\",\"contentUrl\":\"https:\\\/\\\/veritastestovi.com\\\/wp-content\\\/uploads\\\/2021\\\/04\\\/btg-med.png\",\"width\":1608,\"height\":536,\"caption\":\"Veritas testovi - BTGMED\"},\"image\":{\"@id\":\"https:\\\/\\\/veritastestovi.com\\\/#\\\/schema\\\/logo\\\/image\\\/\"}}]}<\/script>\n<!-- \/ Yoast SEO plugin. -->","yoast_head_json":{"title":"Politka privatnosti - Veritas Genetski Testovi","robots":{"index":"index","follow":"follow","max-snippet":"max-snippet:-1","max-image-preview":"max-image-preview:large","max-video-preview":"max-video-preview:-1"},"canonical":"https:\/\/veritastestovi.com\/index.php\/politika-privatnosti-2\/","og_locale":"en_US","og_type":"article","og_title":"Politka privatnosti - Veritas Genetski Testovi","og_description":"Politika privatnosti Privredni subjekt koji stoji iza web stranice veritastestovi.com je dru\u0161tvo s ograni\u010denom odgovorno\u0161\u0107u&nbsp; \u201eBioTechnology and Genetics d.o.o.\u201c (u daljnjem tekstu: kompanija).&nbsp; Usluge koje se prodaju na web stranici veritastestovi.com su neinvazivni prenatalni testovi za trudnice i testovi za djecu (u daljnjem tekstu usluga). Ova politika opisuje kako, na koji na\u010din i koje podatke [&hellip;]","og_url":"https:\/\/veritastestovi.com\/index.php\/politika-privatnosti-2\/","og_site_name":"Veritas Genetski Testovi","article_modified_time":"2021-09-03T13:16:41+00:00","og_image":[{"width":1200,"height":628,"url":"https:\/\/veritastestovi.com\/wp-content\/uploads\/2021\/08\/naruci-veritas-test.jpg","type":"image\/jpeg"}],"twitter_card":"summary_large_image","twitter_misc":{"Est. reading time":"5 minutes"},"schema":{"@context":"https:\/\/schema.org","@graph":[{"@type":"WebPage","@id":"https:\/\/veritastestovi.com\/index.php\/politika-privatnosti-2\/","url":"https:\/\/veritastestovi.com\/index.php\/politika-privatnosti-2\/","name":"Politka privatnosti - Veritas Genetski Testovi","isPartOf":{"@id":"https:\/\/veritastestovi.com\/#website"},"datePublished":"2021-09-03T13:06:32+00:00","dateModified":"2021-09-03T13:16:41+00:00","inLanguage":"en-US","potentialAction":[{"@type":"ReadAction","target":["https:\/\/veritastestovi.com\/index.php\/politika-privatnosti-2\/"]}]},{"@type":"WebSite","@id":"https:\/\/veritastestovi.com\/#website","url":"https:\/\/veritastestovi.com\/","name":"Veritas Genetski Testovi","description":"","publisher":{"@id":"https:\/\/veritastestovi.com\/#organization"},"potentialAction":[{"@type":"SearchAction","target":{"@type":"EntryPoint","urlTemplate":"https:\/\/veritastestovi.com\/?s={search_term_string}"},"query-input":{"@type":"PropertyValueSpecification","valueRequired":true,"valueName":"search_term_string"}}],"inLanguage":"en-US"},{"@type":"Organization","@id":"https:\/\/veritastestovi.com\/#organization","name":"Veritas testovi - BTGMED","url":"https:\/\/veritastestovi.com\/","logo":{"@type":"ImageObject","inLanguage":"en-US","@id":"https:\/\/veritastestovi.com\/#\/schema\/logo\/image\/","url":"https:\/\/veritastestovi.com\/wp-content\/uploads\/2021\/04\/btg-med.png","contentUrl":"https:\/\/veritastestovi.com\/wp-content\/uploads\/2021\/04\/btg-med.png","width":1608,"height":536,"caption":"Veritas testovi - BTGMED"},"image":{"@id":"https:\/\/veritastestovi.com\/#\/schema\/logo\/image\/"}}]}},"_links":{"self":[{"href":"https:\/\/veritastestovi.com\/index.php\/wp-json\/wp\/v2\/pages\/3543","targetHints":{"allow":["GET"]}}],"collection":[{"href":"https:\/\/veritastestovi.com\/index.php\/wp-json\/wp\/v2\/pages"}],"about":[{"href":"https:\/\/veritastestovi.com\/index.php\/wp-json\/wp\/v2\/types\/page"}],"author":[{"embeddable":true,"href":"https:\/\/veritastestovi.com\/index.php\/wp-json\/wp\/v2\/users\/2"}],"replies":[{"embeddable":true,"href":"https:\/\/veritastestovi.com\/index.php\/wp-json\/wp\/v2\/comments?post=3543"}],"version-history":[{"count":0,"href":"https:\/\/veritastestovi.com\/index.php\/wp-json\/wp\/v2\/pages\/3543\/revisions"}],"wp:attachment":[{"href":"https:\/\/veritastestovi.com\/index.php\/wp-json\/wp\/v2\/media?parent=3543"}],"curies":[{"name":"wp","href":"https:\/\/api.w.org\/{rel}","templated":true}]}}