{"id":4033,"date":"2022-01-05T09:26:25","date_gmt":"2022-01-05T09:26:25","guid":{"rendered":"https:\/\/veritastestovi.com\/?page_id=4033"},"modified":"2022-01-10T10:44:51","modified_gmt":"2022-01-10T10:44:51","slug":"tatjana-kljestan","status":"publish","type":"page","link":"https:\/\/veritastestovi.com\/index.php\/tatjana-kljestan\/","title":{"rendered":"Tatjana Klje\u0161tan"},"content":{"rendered":"\t\t<div data-elementor-type=\"wp-page\" data-elementor-id=\"4033\" class=\"elementor elementor-4033\" data-elementor-post-type=\"page\">\n\t\t\t\t\t\t<section class=\"elementor-section elementor-top-section elementor-element elementor-element-1b75460d elementor-section-boxed elementor-section-height-default elementor-section-height-default\" data-id=\"1b75460d\" data-element_type=\"section\">\n\t\t\t\t\t\t<div class=\"elementor-container elementor-column-gap-default\">\n\t\t\t\t\t<div class=\"elementor-column elementor-col-100 elementor-top-column elementor-element elementor-element-1f028ca0\" data-id=\"1f028ca0\" data-element_type=\"column\">\n\t\t\t<div class=\"elementor-widget-wrap\">\n\t\t\t\t\t\t\t<\/div>\n\t\t<\/div>\n\t\t\t\t\t<\/div>\n\t\t<\/section>\n\t\t\t\t<section class=\"elementor-section elementor-top-section elementor-element elementor-element-b3050b9 elementor-section-boxed elementor-section-height-default elementor-section-height-default\" data-id=\"b3050b9\" data-element_type=\"section\">\n\t\t\t\t\t\t<div class=\"elementor-container elementor-column-gap-default\">\n\t\t\t\t\t<div class=\"elementor-column elementor-col-100 elementor-top-column elementor-element elementor-element-d110875\" data-id=\"d110875\" data-element_type=\"column\">\n\t\t\t<div class=\"elementor-widget-wrap elementor-element-populated\">\n\t\t\t\t\t\t<section class=\"elementor-section elementor-inner-section elementor-element elementor-element-7a6dae3 elementor-section-full_width elementor-section-height-default elementor-section-height-default\" data-id=\"7a6dae3\" data-element_type=\"section\">\n\t\t\t\t\t\t<div class=\"elementor-container elementor-column-gap-no\">\n\t\t\t\t\t<div class=\"elementor-column elementor-col-50 elementor-inner-column elementor-element elementor-element-f4256ab\" data-id=\"f4256ab\" data-element_type=\"column\">\n\t\t\t<div class=\"elementor-widget-wrap elementor-element-populated\">\n\t\t\t\t\t\t<div class=\"elementor-element elementor-element-99f1ff7 elementor-invisible elementor-widget elementor-widget-image\" data-id=\"99f1ff7\" data-element_type=\"widget\" data-settings=\"{&quot;_animation&quot;:&quot;fadeInLeft&quot;}\" data-widget_type=\"image.default\">\n\t\t\t\t<div class=\"elementor-widget-container\">\n\t\t\t\t\t\t\t\t\t\t\t\t\t\t\t<img fetchpriority=\"high\" decoding=\"async\" width=\"500\" height=\"641\" src=\"https:\/\/veritastestovi.com\/wp-content\/uploads\/2022\/01\/tatjana-kljestan.jpg\" class=\"attachment-full size-full wp-image-4040\" alt=\"Tatjana Klje\u0161tan, Izvr\u0161ni direktor za medicinske poslove\" srcset=\"https:\/\/veritastestovi.com\/wp-content\/uploads\/2022\/01\/tatjana-kljestan.jpg 500w, https:\/\/veritastestovi.com\/wp-content\/uploads\/2022\/01\/tatjana-kljestan-234x300.jpg 234w\" sizes=\"(max-width: 500px) 100vw, 500px\" \/>\t\t\t\t\t\t\t\t\t\t\t\t\t\t\t<\/div>\n\t\t\t\t<\/div>\n\t\t\t\t\t<\/div>\n\t\t<\/div>\n\t\t\t\t<div class=\"elementor-column elementor-col-50 elementor-inner-column elementor-element elementor-element-d5d50eb\" data-id=\"d5d50eb\" data-element_type=\"column\">\n\t\t\t<div class=\"elementor-widget-wrap elementor-element-populated\">\n\t\t\t\t\t\t<div class=\"elementor-element elementor-element-7e293b3 elementor-widget elementor-widget-heading\" data-id=\"7e293b3\" data-element_type=\"widget\" data-widget_type=\"heading.default\">\n\t\t\t\t<div class=\"elementor-widget-container\">\n\t\t\t\t\t<h1 class=\"elementor-heading-title elementor-size-default\">Tatjana Klje\u0161tan, dipl.biol.<\/h1>\t\t\t\t<\/div>\n\t\t\t\t<\/div>\n\t\t\t\t<div class=\"elementor-element elementor-element-4c49b7e elementor-widget elementor-widget-heading\" data-id=\"4c49b7e\" data-element_type=\"widget\" data-widget_type=\"heading.default\">\n\t\t\t\t<div class=\"elementor-widget-container\">\n\t\t\t\t\t<h2 class=\"elementor-heading-title elementor-size-default\">Executive Director for Medical Affairs<\/h2>\t\t\t\t<\/div>\n\t\t\t\t<\/div>\n\t\t\t\t<div class=\"elementor-element elementor-element-53f7527 elementor-widget-divider--view-line elementor-widget elementor-widget-divider\" data-id=\"53f7527\" data-element_type=\"widget\" data-widget_type=\"divider.default\">\n\t\t\t\t<div class=\"elementor-widget-container\">\n\t\t\t\t\t\t\t<div class=\"elementor-divider\">\n\t\t\t<span class=\"elementor-divider-separator\">\n\t\t\t\t\t\t<\/span>\n\t\t<\/div>\n\t\t\t\t\t\t<\/div>\n\t\t\t\t<\/div>\n\t\t\t\t<div class=\"elementor-element elementor-element-302e8c0 elementor-widget elementor-widget-text-editor\" data-id=\"302e8c0\" data-element_type=\"widget\" data-widget_type=\"text-editor.default\">\n\t\t\t\t<div class=\"elementor-widget-container\">\n\t\t\t\t\t\t\t\t\t\n<p>Tatjana Klje\u0161tan je izvr\u0161ni direktor za medicinske poslove u BTGMED Bosna i Hercegovina. Nakon \u0161to je zavr\u0161ila Li Po Chun United World College u Hong Kongu, studirala je i sa po\u010dastima diplomirala biologiju i hemiju na Univerzitetu St. Lawrence u Njujorku 2016. godine. Tokom studija u Kopenhagenu je istra\u017eivala uticaj biotehnologije na medicinu. Uvid u eti\u010dke kodekse svjetskih biotehnolo\u0161kih institucija je sticala na seminarima u Kembrid\u017eu i Oksfordu.<\/p>\n<p>Otvorenost prema ljudima i novim iskustvima po\u010dela je da njeguje jo\u0161 u djetinjstvu bave\u0107i se karateom i folklorom. Kolege, saradnici i klijenti je prepoznaju kao prirodnu i srda\u010dnu. Saglasni su da je izuzetno predana poslu i sposobna da proces saradnje u\u010dini spontanim i ugodnim.<\/p>\n<p>Ona u\u017eiva da svoje znanje, iskustvo i ljubav prema genetici dijeli sa drugima, te \u0107e tako i tebi ukazati na sve prednosti prenatalnih i genetskih testova i rado \u0107e ti odgovoriti na sva pitanja u vezi sa genetikom, koja je tako \u0161iroka oblast i individualna za svakog od nas. <\/p>\n\t\t\t\t\t\t\t\t<\/div>\n\t\t\t\t<\/div>\n\t\t\t\t\t<\/div>\n\t\t<\/div>\n\t\t\t\t\t<\/div>\n\t\t<\/section>\n\t\t\t\t\t<\/div>\n\t\t<\/div>\n\t\t\t\t\t<\/div>\n\t\t<\/section>\n\t\t\t\t<section class=\"elementor-section elementor-top-section elementor-element elementor-element-27373c9 elementor-section-boxed elementor-section-height-default elementor-section-height-default\" data-id=\"27373c9\" data-element_type=\"section\" data-settings=\"{&quot;background_background&quot;:&quot;classic&quot;}\">\n\t\t\t\t\t\t<div class=\"elementor-container elementor-column-gap-default\">\n\t\t\t\t\t<div class=\"elementor-column elementor-col-100 elementor-top-column elementor-element elementor-element-5141d9a\" data-id=\"5141d9a\" data-element_type=\"column\">\n\t\t\t<div class=\"elementor-widget-wrap elementor-element-populated\">\n\t\t\t\t\t\t<div class=\"elementor-element elementor-element-f5efa96 elementor-widget elementor-widget-heading\" data-id=\"f5efa96\" data-element_type=\"widget\" data-widget_type=\"heading.default\">\n\t\t\t\t<div class=\"elementor-widget-container\">\n\t\t\t\t\t<p class=\"elementor-heading-title elementor-size-default\">Kontaktiraj Tatjanu:<\/p>\t\t\t\t<\/div>\n\t\t\t\t<\/div>\n\t\t\t\t<div class=\"elementor-element elementor-element-550735f elementor-icon-list--layout-traditional elementor-list-item-link-full_width elementor-widget elementor-widget-icon-list\" data-id=\"550735f\" data-element_type=\"widget\" data-widget_type=\"icon-list.default\">\n\t\t\t\t<div class=\"elementor-widget-container\">\n\t\t\t\t\t\t\t<ul class=\"elementor-icon-list-items\">\n\t\t\t\t\t\t\t<li class=\"elementor-icon-list-item\">\n\t\t\t\t\t\t\t\t\t\t\t<a href=\"https:\/\/www.linkedin.com\/in\/jovanovictatjana\/\">\n\n\t\t\t\t\t\t\t\t\t\t\t\t<span class=\"elementor-icon-list-icon\">\n\t\t\t\t\t\t\t<i aria-hidden=\"true\" class=\"fab fa-linkedin\"><\/i>\t\t\t\t\t\t<\/span>\n\t\t\t\t\t\t\t\t\t\t<span class=\"elementor-icon-list-text\">LinkedIn: Tatjana Jovanovi\u0107<\/span>\n\t\t\t\t\t\t\t\t\t\t\t<\/a>\n\t\t\t\t\t\t\t\t\t<\/li>\n\t\t\t\t\t\t\t\t<li class=\"elementor-icon-list-item\">\n\t\t\t\t\t\t\t\t\t\t\t<a href=\"mailto:tatjana.kljestan@btgmed.com\">\n\n\t\t\t\t\t\t\t\t\t\t\t\t<span class=\"elementor-icon-list-icon\">\n\t\t\t\t\t\t\t<i aria-hidden=\"true\" class=\"fas fa-envelope\"><\/i>\t\t\t\t\t\t<\/span>\n\t\t\t\t\t\t\t\t\t\t<span class=\"elementor-icon-list-text\">tatjana.kljestan@btgmed.com<\/span>\n\t\t\t\t\t\t\t\t\t\t\t<\/a>\n\t\t\t\t\t\t\t\t\t<\/li>\n\t\t\t\t\t\t\t\t<li class=\"elementor-icon-list-item\">\n\t\t\t\t\t\t\t\t\t\t\t<a href=\"tel:0038766547790\">\n\n\t\t\t\t\t\t\t\t\t\t\t\t<span class=\"elementor-icon-list-icon\">\n\t\t\t\t\t\t\t<i aria-hidden=\"true\" class=\"fas fa-phone\"><\/i>\t\t\t\t\t\t<\/span>\n\t\t\t\t\t\t\t\t\t\t<span class=\"elementor-icon-list-text\">+387 66 547 790<\/span>\n\t\t\t\t\t\t\t\t\t\t\t<\/a>\n\t\t\t\t\t\t\t\t\t<\/li>\n\t\t\t\t\t\t<\/ul>\n\t\t\t\t\t\t<\/div>\n\t\t\t\t<\/div>\n\t\t\t\t\t<\/div>\n\t\t<\/div>\n\t\t\t\t\t<\/div>\n\t\t<\/section>\n\t\t\t\t<\/div>\n\t\t","protected":false},"excerpt":{"rendered":"<p>Tatjana Klje\u0161tan, dipl.biol. Executive Director for Medical Affairs Tatjana Klje\u0161tan je izvr\u0161ni direktor za medicinske poslove u BTGMED Bosna i Hercegovina. Nakon \u0161to je zavr\u0161ila Li Po Chun United World College u Hong Kongu, studirala je i sa po\u010dastima diplomirala biologiju i hemiju na Univerzitetu St. Lawrence u Njujorku 2016. godine. Tokom studija u Kopenhagenu [&hellip;]<\/p>\n","protected":false},"author":2,"featured_media":4040,"parent":0,"menu_order":0,"comment_status":"closed","ping_status":"closed","template":"","meta":{"footnotes":""},"class_list":["post-4033","page","type-page","status-publish","has-post-thumbnail","hentry"],"yoast_head":"<!-- This site is optimized with the Yoast SEO plugin v26.1.1 - https:\/\/yoast.com\/wordpress\/plugins\/seo\/ -->\n<title>Tatjana Klje\u0161tan - Veritas Genetski Testovi<\/title>\n<meta name=\"robots\" content=\"index, follow, max-snippet:-1, max-image-preview:large, max-video-preview:-1\" \/>\n<link rel=\"canonical\" href=\"https:\/\/veritastestovi.com\/index.php\/tatjana-kljestan\/\" \/>\n<meta property=\"og:locale\" content=\"en_US\" \/>\n<meta property=\"og:type\" content=\"article\" \/>\n<meta property=\"og:title\" content=\"Tatjana Klje\u0161tan - Veritas Genetski Testovi\" \/>\n<meta property=\"og:description\" content=\"Tatjana Klje\u0161tan, dipl.biol. Executive Director for Medical Affairs Tatjana Klje\u0161tan je izvr\u0161ni direktor za medicinske poslove u BTGMED Bosna i Hercegovina. Nakon \u0161to je zavr\u0161ila Li Po Chun United World College u Hong Kongu, studirala je i sa po\u010dastima diplomirala biologiju i hemiju na Univerzitetu St. Lawrence u Njujorku 2016. godine. Tokom studija u Kopenhagenu [&hellip;]\" \/>\n<meta property=\"og:url\" content=\"https:\/\/veritastestovi.com\/index.php\/tatjana-kljestan\/\" \/>\n<meta property=\"og:site_name\" content=\"Veritas Genetski Testovi\" \/>\n<meta property=\"article:modified_time\" content=\"2022-01-10T10:44:51+00:00\" \/>\n<meta property=\"og:image\" content=\"https:\/\/veritastestovi.com\/wp-content\/uploads\/2022\/01\/tatjana-kljestan.jpg\" \/>\n\t<meta property=\"og:image:width\" content=\"500\" \/>\n\t<meta property=\"og:image:height\" content=\"641\" \/>\n\t<meta property=\"og:image:type\" content=\"image\/jpeg\" \/>\n<meta name=\"twitter:card\" content=\"summary_large_image\" \/>\n<meta name=\"twitter:label1\" content=\"Est. reading time\" \/>\n\t<meta name=\"twitter:data1\" content=\"1 minute\" \/>\n<script type=\"application\/ld+json\" class=\"yoast-schema-graph\">{\"@context\":\"https:\/\/schema.org\",\"@graph\":[{\"@type\":\"WebPage\",\"@id\":\"https:\/\/veritastestovi.com\/index.php\/tatjana-kljestan\/\",\"url\":\"https:\/\/veritastestovi.com\/index.php\/tatjana-kljestan\/\",\"name\":\"Tatjana Klje\u0161tan - Veritas Genetski Testovi\",\"isPartOf\":{\"@id\":\"https:\/\/veritastestovi.com\/#website\"},\"primaryImageOfPage\":{\"@id\":\"https:\/\/veritastestovi.com\/index.php\/tatjana-kljestan\/#primaryimage\"},\"image\":{\"@id\":\"https:\/\/veritastestovi.com\/index.php\/tatjana-kljestan\/#primaryimage\"},\"thumbnailUrl\":\"https:\/\/veritastestovi.com\/wp-content\/uploads\/2022\/01\/tatjana-kljestan.jpg\",\"datePublished\":\"2022-01-05T09:26:25+00:00\",\"dateModified\":\"2022-01-10T10:44:51+00:00\",\"breadcrumb\":{\"@id\":\"https:\/\/veritastestovi.com\/index.php\/tatjana-kljestan\/#breadcrumb\"},\"inLanguage\":\"en-US\",\"potentialAction\":[{\"@type\":\"ReadAction\",\"target\":[\"https:\/\/veritastestovi.com\/index.php\/tatjana-kljestan\/\"]}]},{\"@type\":\"ImageObject\",\"inLanguage\":\"en-US\",\"@id\":\"https:\/\/veritastestovi.com\/index.php\/tatjana-kljestan\/#primaryimage\",\"url\":\"https:\/\/veritastestovi.com\/wp-content\/uploads\/2022\/01\/tatjana-kljestan.jpg\",\"contentUrl\":\"https:\/\/veritastestovi.com\/wp-content\/uploads\/2022\/01\/tatjana-kljestan.jpg\",\"width\":500,\"height\":641,\"caption\":\"Tatjana Klje\u0161tan, Izvr\u0161ni direktor za medicinske poslove\"},{\"@type\":\"BreadcrumbList\",\"@id\":\"https:\/\/veritastestovi.com\/index.php\/tatjana-kljestan\/#breadcrumb\",\"itemListElement\":[{\"@type\":\"ListItem\",\"position\":1,\"name\":\"Home\",\"item\":\"https:\/\/veritastestovi.com\/\"},{\"@type\":\"ListItem\",\"position\":2,\"name\":\"Tatjana Klje\u0161tan\"}]},{\"@type\":\"WebSite\",\"@id\":\"https:\/\/veritastestovi.com\/#website\",\"url\":\"https:\/\/veritastestovi.com\/\",\"name\":\"Veritas Genetski Testovi\",\"description\":\"\",\"publisher\":{\"@id\":\"https:\/\/veritastestovi.com\/#organization\"},\"potentialAction\":[{\"@type\":\"SearchAction\",\"target\":{\"@type\":\"EntryPoint\",\"urlTemplate\":\"https:\/\/veritastestovi.com\/?s={search_term_string}\"},\"query-input\":{\"@type\":\"PropertyValueSpecification\",\"valueRequired\":true,\"valueName\":\"search_term_string\"}}],\"inLanguage\":\"en-US\"},{\"@type\":\"Organization\",\"@id\":\"https:\/\/veritastestovi.com\/#organization\",\"name\":\"Veritas testovi - BTGMED\",\"url\":\"https:\/\/veritastestovi.com\/\",\"logo\":{\"@type\":\"ImageObject\",\"inLanguage\":\"en-US\",\"@id\":\"https:\/\/veritastestovi.com\/#\/schema\/logo\/image\/\",\"url\":\"https:\/\/veritastestovi.com\/wp-content\/uploads\/2021\/04\/btg-med.png\",\"contentUrl\":\"https:\/\/veritastestovi.com\/wp-content\/uploads\/2021\/04\/btg-med.png\",\"width\":1608,\"height\":536,\"caption\":\"Veritas testovi - BTGMED\"},\"image\":{\"@id\":\"https:\/\/veritastestovi.com\/#\/schema\/logo\/image\/\"}}]}<\/script>\n<!-- \/ Yoast SEO plugin. -->","yoast_head_json":{"title":"Tatjana Klje\u0161tan - Veritas Genetski Testovi","robots":{"index":"index","follow":"follow","max-snippet":"max-snippet:-1","max-image-preview":"max-image-preview:large","max-video-preview":"max-video-preview:-1"},"canonical":"https:\/\/veritastestovi.com\/index.php\/tatjana-kljestan\/","og_locale":"en_US","og_type":"article","og_title":"Tatjana Klje\u0161tan - Veritas Genetski Testovi","og_description":"Tatjana Klje\u0161tan, dipl.biol. Executive Director for Medical Affairs Tatjana Klje\u0161tan je izvr\u0161ni direktor za medicinske poslove u BTGMED Bosna i Hercegovina. Nakon \u0161to je zavr\u0161ila Li Po Chun United World College u Hong Kongu, studirala je i sa po\u010dastima diplomirala biologiju i hemiju na Univerzitetu St. Lawrence u Njujorku 2016. godine. Tokom studija u Kopenhagenu [&hellip;]","og_url":"https:\/\/veritastestovi.com\/index.php\/tatjana-kljestan\/","og_site_name":"Veritas Genetski Testovi","article_modified_time":"2022-01-10T10:44:51+00:00","og_image":[{"width":500,"height":641,"url":"https:\/\/veritastestovi.com\/wp-content\/uploads\/2022\/01\/tatjana-kljestan.jpg","type":"image\/jpeg"}],"twitter_card":"summary_large_image","twitter_misc":{"Est. reading time":"1 minute"},"schema":{"@context":"https:\/\/schema.org","@graph":[{"@type":"WebPage","@id":"https:\/\/veritastestovi.com\/index.php\/tatjana-kljestan\/","url":"https:\/\/veritastestovi.com\/index.php\/tatjana-kljestan\/","name":"Tatjana Klje\u0161tan - Veritas Genetski Testovi","isPartOf":{"@id":"https:\/\/veritastestovi.com\/#website"},"primaryImageOfPage":{"@id":"https:\/\/veritastestovi.com\/index.php\/tatjana-kljestan\/#primaryimage"},"image":{"@id":"https:\/\/veritastestovi.com\/index.php\/tatjana-kljestan\/#primaryimage"},"thumbnailUrl":"https:\/\/veritastestovi.com\/wp-content\/uploads\/2022\/01\/tatjana-kljestan.jpg","datePublished":"2022-01-05T09:26:25+00:00","dateModified":"2022-01-10T10:44:51+00:00","breadcrumb":{"@id":"https:\/\/veritastestovi.com\/index.php\/tatjana-kljestan\/#breadcrumb"},"inLanguage":"en-US","potentialAction":[{"@type":"ReadAction","target":["https:\/\/veritastestovi.com\/index.php\/tatjana-kljestan\/"]}]},{"@type":"ImageObject","inLanguage":"en-US","@id":"https:\/\/veritastestovi.com\/index.php\/tatjana-kljestan\/#primaryimage","url":"https:\/\/veritastestovi.com\/wp-content\/uploads\/2022\/01\/tatjana-kljestan.jpg","contentUrl":"https:\/\/veritastestovi.com\/wp-content\/uploads\/2022\/01\/tatjana-kljestan.jpg","width":500,"height":641,"caption":"Tatjana Klje\u0161tan, Izvr\u0161ni direktor za medicinske poslove"},{"@type":"BreadcrumbList","@id":"https:\/\/veritastestovi.com\/index.php\/tatjana-kljestan\/#breadcrumb","itemListElement":[{"@type":"ListItem","position":1,"name":"Home","item":"https:\/\/veritastestovi.com\/"},{"@type":"ListItem","position":2,"name":"Tatjana Klje\u0161tan"}]},{"@type":"WebSite","@id":"https:\/\/veritastestovi.com\/#website","url":"https:\/\/veritastestovi.com\/","name":"Veritas Genetski Testovi","description":"","publisher":{"@id":"https:\/\/veritastestovi.com\/#organization"},"potentialAction":[{"@type":"SearchAction","target":{"@type":"EntryPoint","urlTemplate":"https:\/\/veritastestovi.com\/?s={search_term_string}"},"query-input":{"@type":"PropertyValueSpecification","valueRequired":true,"valueName":"search_term_string"}}],"inLanguage":"en-US"},{"@type":"Organization","@id":"https:\/\/veritastestovi.com\/#organization","name":"Veritas testovi - BTGMED","url":"https:\/\/veritastestovi.com\/","logo":{"@type":"ImageObject","inLanguage":"en-US","@id":"https:\/\/veritastestovi.com\/#\/schema\/logo\/image\/","url":"https:\/\/veritastestovi.com\/wp-content\/uploads\/2021\/04\/btg-med.png","contentUrl":"https:\/\/veritastestovi.com\/wp-content\/uploads\/2021\/04\/btg-med.png","width":1608,"height":536,"caption":"Veritas testovi - BTGMED"},"image":{"@id":"https:\/\/veritastestovi.com\/#\/schema\/logo\/image\/"}}]}},"_links":{"self":[{"href":"https:\/\/veritastestovi.com\/index.php\/wp-json\/wp\/v2\/pages\/4033","targetHints":{"allow":["GET"]}}],"collection":[{"href":"https:\/\/veritastestovi.com\/index.php\/wp-json\/wp\/v2\/pages"}],"about":[{"href":"https:\/\/veritastestovi.com\/index.php\/wp-json\/wp\/v2\/types\/page"}],"author":[{"embeddable":true,"href":"https:\/\/veritastestovi.com\/index.php\/wp-json\/wp\/v2\/users\/2"}],"replies":[{"embeddable":true,"href":"https:\/\/veritastestovi.com\/index.php\/wp-json\/wp\/v2\/comments?post=4033"}],"version-history":[{"count":0,"href":"https:\/\/veritastestovi.com\/index.php\/wp-json\/wp\/v2\/pages\/4033\/revisions"}],"wp:featuredmedia":[{"embeddable":true,"href":"https:\/\/veritastestovi.com\/index.php\/wp-json\/wp\/v2\/media\/4040"}],"wp:attachment":[{"href":"https:\/\/veritastestovi.com\/index.php\/wp-json\/wp\/v2\/media?parent=4033"}],"curies":[{"name":"wp","href":"https:\/\/api.w.org\/{rel}","templated":true}]}}