{"id":4091,"date":"2022-01-05T10:12:37","date_gmt":"2022-01-05T10:12:37","guid":{"rendered":"https:\/\/veritastestovi.com\/?page_id=4091"},"modified":"2022-01-05T10:17:22","modified_gmt":"2022-01-05T10:17:22","slug":"dr-ana-durovic","status":"publish","type":"page","link":"https:\/\/veritastestovi.com\/index.php\/dr-ana-durovic\/","title":{"rendered":"Dr Ana \u0110urovi\u0107"},"content":{"rendered":"\t\t<div data-elementor-type=\"wp-page\" data-elementor-id=\"4091\" class=\"elementor elementor-4091\" data-elementor-post-type=\"page\">\n\t\t\t\t\t\t<section class=\"elementor-section elementor-top-section elementor-element elementor-element-1b75460d elementor-section-boxed elementor-section-height-default elementor-section-height-default\" data-id=\"1b75460d\" data-element_type=\"section\" data-e-type=\"section\">\n\t\t\t\t\t\t<div class=\"elementor-container elementor-column-gap-default\">\n\t\t\t\t\t<div class=\"elementor-column elementor-col-100 elementor-top-column elementor-element elementor-element-1f028ca0\" data-id=\"1f028ca0\" data-element_type=\"column\" data-e-type=\"column\">\n\t\t\t<div class=\"elementor-widget-wrap\">\n\t\t\t\t\t\t\t<\/div>\n\t\t<\/div>\n\t\t\t\t\t<\/div>\n\t\t<\/section>\n\t\t\t\t<section class=\"elementor-section elementor-top-section elementor-element elementor-element-b3050b9 elementor-section-boxed elementor-section-height-default elementor-section-height-default\" data-id=\"b3050b9\" data-element_type=\"section\" data-e-type=\"section\">\n\t\t\t\t\t\t<div class=\"elementor-container elementor-column-gap-default\">\n\t\t\t\t\t<div class=\"elementor-column elementor-col-100 elementor-top-column elementor-element elementor-element-d110875\" data-id=\"d110875\" data-element_type=\"column\" data-e-type=\"column\">\n\t\t\t<div class=\"elementor-widget-wrap elementor-element-populated\">\n\t\t\t\t\t\t<section class=\"elementor-section elementor-inner-section elementor-element elementor-element-7a6dae3 elementor-section-full_width elementor-section-height-default elementor-section-height-default\" data-id=\"7a6dae3\" data-element_type=\"section\" data-e-type=\"section\">\n\t\t\t\t\t\t<div class=\"elementor-container elementor-column-gap-no\">\n\t\t\t\t\t<div class=\"elementor-column elementor-col-50 elementor-inner-column elementor-element elementor-element-f4256ab\" data-id=\"f4256ab\" data-element_type=\"column\" data-e-type=\"column\">\n\t\t\t<div class=\"elementor-widget-wrap elementor-element-populated\">\n\t\t\t\t\t\t<div class=\"elementor-element elementor-element-99f1ff7 elementor-invisible elementor-widget elementor-widget-image\" data-id=\"99f1ff7\" data-element_type=\"widget\" data-e-type=\"widget\" data-settings=\"{&quot;_animation&quot;:&quot;fadeInLeft&quot;}\" data-widget_type=\"image.default\">\n\t\t\t\t<div class=\"elementor-widget-container\">\n\t\t\t\t\t\t\t\t\t\t\t\t\t\t\t<img fetchpriority=\"high\" decoding=\"async\" width=\"500\" height=\"641\" src=\"https:\/\/veritastestovi.com\/wp-content\/uploads\/2022\/01\/ana-djurovic.jpg\" class=\"attachment-full size-full wp-image-4034\" alt=\"dr Ana \u0110urovi\u0107\" srcset=\"https:\/\/veritastestovi.com\/wp-content\/uploads\/2022\/01\/ana-djurovic.jpg 500w, https:\/\/veritastestovi.com\/wp-content\/uploads\/2022\/01\/ana-djurovic-234x300.jpg 234w\" sizes=\"(max-width: 500px) 100vw, 500px\" \/>\t\t\t\t\t\t\t\t\t\t\t\t\t\t\t<\/div>\n\t\t\t\t<\/div>\n\t\t\t\t\t<\/div>\n\t\t<\/div>\n\t\t\t\t<div class=\"elementor-column elementor-col-50 elementor-inner-column elementor-element elementor-element-d5d50eb\" data-id=\"d5d50eb\" data-element_type=\"column\" data-e-type=\"column\">\n\t\t\t<div class=\"elementor-widget-wrap elementor-element-populated\">\n\t\t\t\t\t\t<div class=\"elementor-element elementor-element-7e293b3 elementor-widget elementor-widget-heading\" data-id=\"7e293b3\" data-element_type=\"widget\" data-e-type=\"widget\" data-widget_type=\"heading.default\">\n\t\t\t\t<div class=\"elementor-widget-container\">\n\t\t\t\t\t<h1 class=\"elementor-heading-title elementor-size-default\">Dr Ana \u0110urovi\u0107<\/h1>\t\t\t\t<\/div>\n\t\t\t\t<\/div>\n\t\t\t\t<div class=\"elementor-element elementor-element-4c49b7e elementor-widget elementor-widget-heading\" data-id=\"4c49b7e\" data-element_type=\"widget\" data-e-type=\"widget\" data-widget_type=\"heading.default\">\n\t\t\t\t<div class=\"elementor-widget-container\">\n\t\t\t\t\t<h2 class=\"elementor-heading-title elementor-size-default\">Key Account Manager<\/h2>\t\t\t\t<\/div>\n\t\t\t\t<\/div>\n\t\t\t\t<div class=\"elementor-element elementor-element-53f7527 elementor-widget-divider--view-line elementor-widget elementor-widget-divider\" data-id=\"53f7527\" data-element_type=\"widget\" data-e-type=\"widget\" data-widget_type=\"divider.default\">\n\t\t\t\t<div class=\"elementor-widget-container\">\n\t\t\t\t\t\t\t<div class=\"elementor-divider\">\n\t\t\t<span class=\"elementor-divider-separator\">\n\t\t\t\t\t\t<\/span>\n\t\t<\/div>\n\t\t\t\t\t\t<\/div>\n\t\t\t\t<\/div>\n\t\t\t\t<div class=\"elementor-element elementor-element-302e8c0 elementor-widget elementor-widget-text-editor\" data-id=\"302e8c0\" data-element_type=\"widget\" data-e-type=\"widget\" data-widget_type=\"text-editor.default\">\n\t\t\t\t<div class=\"elementor-widget-container\">\n\t\t\t\t\t\t\t\t\t\n<p>Dr Ana \u0110urovi\u0107, doktor stomatologije je Key Account Manager u BTGMED Srbija timu.<\/p>\n<p>Kao veliki po\u0161tovalac nauke, Ana se pridru\u017eila BTGMED Srbija timu zbog istra\u017eivanja i u\u010denja u polju genetike i prenatalne dijagnostike.<\/p>\n<p>Stru\u010dni tim, pacijenti i klijenti opisuju Anu kao profesionalca koji perfektno barata svim poznatim i dostupnim nau\u010dnim \u010dinjenicama, visoko-odgovornu osobu koja racionalnom i logi\u010dnom svetu dodaje posebne boje duhovnosti.<\/p>\n<p>Ana je ljubitelj \u017eivotinja i prirode, planinar i prva Dama u rekreativnoj vo\u017enji kajaka.\u00a0Njen \u017eivotni moto glasi: \u201eJednostavnost je krajnji izraz prefinjenosti.\u201c<\/p>\n<p>Ukoliko ti je zna\u010dajno da pre dono\u0161enja va\u017ene odluke po pitanju zdravlja tvoje budu\u0107e bebe dobije\u0161 sve uvide u ono \u0161to nauka ima da ponudi na temu genetskih i prenatalnih testova, Ana je saradnik za tebe.<\/p>\n\t\t\t\t\t\t\t\t<\/div>\n\t\t\t\t<\/div>\n\t\t\t\t\t<\/div>\n\t\t<\/div>\n\t\t\t\t\t<\/div>\n\t\t<\/section>\n\t\t\t\t\t<\/div>\n\t\t<\/div>\n\t\t\t\t\t<\/div>\n\t\t<\/section>\n\t\t\t\t<section class=\"elementor-section elementor-top-section elementor-element elementor-element-27373c9 elementor-section-boxed elementor-section-height-default elementor-section-height-default\" data-id=\"27373c9\" data-element_type=\"section\" data-e-type=\"section\" data-settings=\"{&quot;background_background&quot;:&quot;classic&quot;}\">\n\t\t\t\t\t\t<div class=\"elementor-container elementor-column-gap-default\">\n\t\t\t\t\t<div class=\"elementor-column elementor-col-100 elementor-top-column elementor-element elementor-element-5141d9a\" data-id=\"5141d9a\" data-element_type=\"column\" data-e-type=\"column\">\n\t\t\t<div class=\"elementor-widget-wrap elementor-element-populated\">\n\t\t\t\t\t\t<div class=\"elementor-element elementor-element-f5efa96 elementor-widget elementor-widget-heading\" data-id=\"f5efa96\" data-element_type=\"widget\" data-e-type=\"widget\" data-widget_type=\"heading.default\">\n\t\t\t\t<div class=\"elementor-widget-container\">\n\t\t\t\t\t<p class=\"elementor-heading-title elementor-size-default\">Kontaktiraj Anu:<\/p>\t\t\t\t<\/div>\n\t\t\t\t<\/div>\n\t\t\t\t<div class=\"elementor-element elementor-element-550735f elementor-icon-list--layout-traditional elementor-list-item-link-full_width elementor-widget elementor-widget-icon-list\" data-id=\"550735f\" data-element_type=\"widget\" data-e-type=\"widget\" data-widget_type=\"icon-list.default\">\n\t\t\t\t<div class=\"elementor-widget-container\">\n\t\t\t\t\t\t\t<ul class=\"elementor-icon-list-items\">\n\t\t\t\t\t\t\t<li class=\"elementor-icon-list-item\">\n\t\t\t\t\t\t\t\t\t\t\t<a href=\"mailto:ana.djurovic@btgmed.com\">\n\n\t\t\t\t\t\t\t\t\t\t\t\t<span class=\"elementor-icon-list-icon\">\n\t\t\t\t\t\t\t<i aria-hidden=\"true\" class=\"fas fa-envelope\"><\/i>\t\t\t\t\t\t<\/span>\n\t\t\t\t\t\t\t\t\t\t<span class=\"elementor-icon-list-text\">ana.djurovic@btgmed.com<\/span>\n\t\t\t\t\t\t\t\t\t\t\t<\/a>\n\t\t\t\t\t\t\t\t\t<\/li>\n\t\t\t\t\t\t\t\t<li class=\"elementor-icon-list-item\">\n\t\t\t\t\t\t\t\t\t\t\t<a href=\"tel:00381614443819\">\n\n\t\t\t\t\t\t\t\t\t\t\t\t<span class=\"elementor-icon-list-icon\">\n\t\t\t\t\t\t\t<i aria-hidden=\"true\" class=\"fas fa-phone\"><\/i>\t\t\t\t\t\t<\/span>\n\t\t\t\t\t\t\t\t\t\t<span class=\"elementor-icon-list-text\">+381 61 444 38 19<\/span>\n\t\t\t\t\t\t\t\t\t\t\t<\/a>\n\t\t\t\t\t\t\t\t\t<\/li>\n\t\t\t\t\t\t<\/ul>\n\t\t\t\t\t\t<\/div>\n\t\t\t\t<\/div>\n\t\t\t\t\t<\/div>\n\t\t<\/div>\n\t\t\t\t\t<\/div>\n\t\t<\/section>\n\t\t\t\t<\/div>\n\t\t","protected":false},"excerpt":{"rendered":"<p>Dr Ana \u0110urovi\u0107 Key Account Manager Dr Ana \u0110urovi\u0107, doktor stomatologije je Key Account Manager u BTGMED Srbija timu. Kao veliki po\u0161tovalac nauke, Ana se pridru\u017eila BTGMED Srbija timu zbog istra\u017eivanja i u\u010denja u polju genetike i prenatalne dijagnostike. Stru\u010dni tim, pacijenti i klijenti opisuju Anu kao profesionalca koji perfektno barata svim poznatim i dostupnim [&hellip;]<\/p>\n","protected":false},"author":2,"featured_media":4034,"parent":0,"menu_order":0,"comment_status":"closed","ping_status":"closed","template":"","meta":{"footnotes":""},"class_list":["post-4091","page","type-page","status-publish","has-post-thumbnail","hentry"],"yoast_head":"<!-- This site is optimized with the Yoast SEO plugin v27.3 - https:\/\/yoast.com\/product\/yoast-seo-wordpress\/ -->\n<title>Dr Ana \u0110urovi\u0107 - Veritas Genetski Testovi<\/title>\n<meta name=\"robots\" content=\"index, follow, max-snippet:-1, max-image-preview:large, max-video-preview:-1\" \/>\n<link rel=\"canonical\" href=\"https:\/\/veritastestovi.com\/index.php\/dr-ana-durovic\/\" \/>\n<meta property=\"og:locale\" content=\"en_US\" \/>\n<meta property=\"og:type\" content=\"article\" \/>\n<meta property=\"og:title\" content=\"Dr Ana \u0110urovi\u0107 - Veritas Genetski Testovi\" \/>\n<meta property=\"og:description\" content=\"Dr Ana \u0110urovi\u0107 Key Account Manager Dr Ana \u0110urovi\u0107, doktor stomatologije je Key Account Manager u BTGMED Srbija timu. Kao veliki po\u0161tovalac nauke, Ana se pridru\u017eila BTGMED Srbija timu zbog istra\u017eivanja i u\u010denja u polju genetike i prenatalne dijagnostike. Stru\u010dni tim, pacijenti i klijenti opisuju Anu kao profesionalca koji perfektno barata svim poznatim i dostupnim [&hellip;]\" \/>\n<meta property=\"og:url\" content=\"https:\/\/veritastestovi.com\/index.php\/dr-ana-durovic\/\" \/>\n<meta property=\"og:site_name\" content=\"Veritas Genetski Testovi\" \/>\n<meta property=\"article:modified_time\" content=\"2022-01-05T10:17:22+00:00\" \/>\n<meta property=\"og:image\" content=\"https:\/\/veritastestovi.com\/wp-content\/uploads\/2022\/01\/ana-djurovic.jpg\" \/>\n\t<meta property=\"og:image:width\" content=\"500\" \/>\n\t<meta property=\"og:image:height\" content=\"641\" \/>\n\t<meta property=\"og:image:type\" content=\"image\/jpeg\" \/>\n<meta name=\"twitter:card\" content=\"summary_large_image\" \/>\n<meta name=\"twitter:label1\" content=\"Est. reading time\" \/>\n\t<meta name=\"twitter:data1\" content=\"1 minute\" \/>\n<script type=\"application\/ld+json\" class=\"yoast-schema-graph\">{\"@context\":\"https:\\\/\\\/schema.org\",\"@graph\":[{\"@type\":\"WebPage\",\"@id\":\"https:\\\/\\\/veritastestovi.com\\\/index.php\\\/dr-ana-durovic\\\/\",\"url\":\"https:\\\/\\\/veritastestovi.com\\\/index.php\\\/dr-ana-durovic\\\/\",\"name\":\"Dr Ana \u0110urovi\u0107 - Veritas Genetski Testovi\",\"isPartOf\":{\"@id\":\"https:\\\/\\\/veritastestovi.com\\\/#website\"},\"primaryImageOfPage\":{\"@id\":\"https:\\\/\\\/veritastestovi.com\\\/index.php\\\/dr-ana-durovic\\\/#primaryimage\"},\"image\":{\"@id\":\"https:\\\/\\\/veritastestovi.com\\\/index.php\\\/dr-ana-durovic\\\/#primaryimage\"},\"thumbnailUrl\":\"https:\\\/\\\/veritastestovi.com\\\/wp-content\\\/uploads\\\/2022\\\/01\\\/ana-djurovic.jpg\",\"datePublished\":\"2022-01-05T10:12:37+00:00\",\"dateModified\":\"2022-01-05T10:17:22+00:00\",\"breadcrumb\":{\"@id\":\"https:\\\/\\\/veritastestovi.com\\\/index.php\\\/dr-ana-durovic\\\/#breadcrumb\"},\"inLanguage\":\"en-US\",\"potentialAction\":[{\"@type\":\"ReadAction\",\"target\":[\"https:\\\/\\\/veritastestovi.com\\\/index.php\\\/dr-ana-durovic\\\/\"]}]},{\"@type\":\"ImageObject\",\"inLanguage\":\"en-US\",\"@id\":\"https:\\\/\\\/veritastestovi.com\\\/index.php\\\/dr-ana-durovic\\\/#primaryimage\",\"url\":\"https:\\\/\\\/veritastestovi.com\\\/wp-content\\\/uploads\\\/2022\\\/01\\\/ana-djurovic.jpg\",\"contentUrl\":\"https:\\\/\\\/veritastestovi.com\\\/wp-content\\\/uploads\\\/2022\\\/01\\\/ana-djurovic.jpg\",\"width\":500,\"height\":641,\"caption\":\"dr Ana \u0110urovi\u0107\"},{\"@type\":\"BreadcrumbList\",\"@id\":\"https:\\\/\\\/veritastestovi.com\\\/index.php\\\/dr-ana-durovic\\\/#breadcrumb\",\"itemListElement\":[{\"@type\":\"ListItem\",\"position\":1,\"name\":\"Home\",\"item\":\"https:\\\/\\\/veritastestovi.com\\\/\"},{\"@type\":\"ListItem\",\"position\":2,\"name\":\"Dr Ana \u0110urovi\u0107\"}]},{\"@type\":\"WebSite\",\"@id\":\"https:\\\/\\\/veritastestovi.com\\\/#website\",\"url\":\"https:\\\/\\\/veritastestovi.com\\\/\",\"name\":\"Veritas Genetski Testovi\",\"description\":\"\",\"publisher\":{\"@id\":\"https:\\\/\\\/veritastestovi.com\\\/#organization\"},\"potentialAction\":[{\"@type\":\"SearchAction\",\"target\":{\"@type\":\"EntryPoint\",\"urlTemplate\":\"https:\\\/\\\/veritastestovi.com\\\/?s={search_term_string}\"},\"query-input\":{\"@type\":\"PropertyValueSpecification\",\"valueRequired\":true,\"valueName\":\"search_term_string\"}}],\"inLanguage\":\"en-US\"},{\"@type\":\"Organization\",\"@id\":\"https:\\\/\\\/veritastestovi.com\\\/#organization\",\"name\":\"Veritas testovi - BTGMED\",\"url\":\"https:\\\/\\\/veritastestovi.com\\\/\",\"logo\":{\"@type\":\"ImageObject\",\"inLanguage\":\"en-US\",\"@id\":\"https:\\\/\\\/veritastestovi.com\\\/#\\\/schema\\\/logo\\\/image\\\/\",\"url\":\"https:\\\/\\\/veritastestovi.com\\\/wp-content\\\/uploads\\\/2021\\\/04\\\/btg-med.png\",\"contentUrl\":\"https:\\\/\\\/veritastestovi.com\\\/wp-content\\\/uploads\\\/2021\\\/04\\\/btg-med.png\",\"width\":1608,\"height\":536,\"caption\":\"Veritas testovi - BTGMED\"},\"image\":{\"@id\":\"https:\\\/\\\/veritastestovi.com\\\/#\\\/schema\\\/logo\\\/image\\\/\"}}]}<\/script>\n<!-- \/ Yoast SEO plugin. -->","yoast_head_json":{"title":"Dr Ana \u0110urovi\u0107 - Veritas Genetski Testovi","robots":{"index":"index","follow":"follow","max-snippet":"max-snippet:-1","max-image-preview":"max-image-preview:large","max-video-preview":"max-video-preview:-1"},"canonical":"https:\/\/veritastestovi.com\/index.php\/dr-ana-durovic\/","og_locale":"en_US","og_type":"article","og_title":"Dr Ana \u0110urovi\u0107 - Veritas Genetski Testovi","og_description":"Dr Ana \u0110urovi\u0107 Key Account Manager Dr Ana \u0110urovi\u0107, doktor stomatologije je Key Account Manager u BTGMED Srbija timu. Kao veliki po\u0161tovalac nauke, Ana se pridru\u017eila BTGMED Srbija timu zbog istra\u017eivanja i u\u010denja u polju genetike i prenatalne dijagnostike. Stru\u010dni tim, pacijenti i klijenti opisuju Anu kao profesionalca koji perfektno barata svim poznatim i dostupnim [&hellip;]","og_url":"https:\/\/veritastestovi.com\/index.php\/dr-ana-durovic\/","og_site_name":"Veritas Genetski Testovi","article_modified_time":"2022-01-05T10:17:22+00:00","og_image":[{"width":500,"height":641,"url":"https:\/\/veritastestovi.com\/wp-content\/uploads\/2022\/01\/ana-djurovic.jpg","type":"image\/jpeg"}],"twitter_card":"summary_large_image","twitter_misc":{"Est. reading time":"1 minute"},"schema":{"@context":"https:\/\/schema.org","@graph":[{"@type":"WebPage","@id":"https:\/\/veritastestovi.com\/index.php\/dr-ana-durovic\/","url":"https:\/\/veritastestovi.com\/index.php\/dr-ana-durovic\/","name":"Dr Ana \u0110urovi\u0107 - Veritas Genetski Testovi","isPartOf":{"@id":"https:\/\/veritastestovi.com\/#website"},"primaryImageOfPage":{"@id":"https:\/\/veritastestovi.com\/index.php\/dr-ana-durovic\/#primaryimage"},"image":{"@id":"https:\/\/veritastestovi.com\/index.php\/dr-ana-durovic\/#primaryimage"},"thumbnailUrl":"https:\/\/veritastestovi.com\/wp-content\/uploads\/2022\/01\/ana-djurovic.jpg","datePublished":"2022-01-05T10:12:37+00:00","dateModified":"2022-01-05T10:17:22+00:00","breadcrumb":{"@id":"https:\/\/veritastestovi.com\/index.php\/dr-ana-durovic\/#breadcrumb"},"inLanguage":"en-US","potentialAction":[{"@type":"ReadAction","target":["https:\/\/veritastestovi.com\/index.php\/dr-ana-durovic\/"]}]},{"@type":"ImageObject","inLanguage":"en-US","@id":"https:\/\/veritastestovi.com\/index.php\/dr-ana-durovic\/#primaryimage","url":"https:\/\/veritastestovi.com\/wp-content\/uploads\/2022\/01\/ana-djurovic.jpg","contentUrl":"https:\/\/veritastestovi.com\/wp-content\/uploads\/2022\/01\/ana-djurovic.jpg","width":500,"height":641,"caption":"dr Ana \u0110urovi\u0107"},{"@type":"BreadcrumbList","@id":"https:\/\/veritastestovi.com\/index.php\/dr-ana-durovic\/#breadcrumb","itemListElement":[{"@type":"ListItem","position":1,"name":"Home","item":"https:\/\/veritastestovi.com\/"},{"@type":"ListItem","position":2,"name":"Dr Ana \u0110urovi\u0107"}]},{"@type":"WebSite","@id":"https:\/\/veritastestovi.com\/#website","url":"https:\/\/veritastestovi.com\/","name":"Veritas Genetski Testovi","description":"","publisher":{"@id":"https:\/\/veritastestovi.com\/#organization"},"potentialAction":[{"@type":"SearchAction","target":{"@type":"EntryPoint","urlTemplate":"https:\/\/veritastestovi.com\/?s={search_term_string}"},"query-input":{"@type":"PropertyValueSpecification","valueRequired":true,"valueName":"search_term_string"}}],"inLanguage":"en-US"},{"@type":"Organization","@id":"https:\/\/veritastestovi.com\/#organization","name":"Veritas testovi - BTGMED","url":"https:\/\/veritastestovi.com\/","logo":{"@type":"ImageObject","inLanguage":"en-US","@id":"https:\/\/veritastestovi.com\/#\/schema\/logo\/image\/","url":"https:\/\/veritastestovi.com\/wp-content\/uploads\/2021\/04\/btg-med.png","contentUrl":"https:\/\/veritastestovi.com\/wp-content\/uploads\/2021\/04\/btg-med.png","width":1608,"height":536,"caption":"Veritas testovi - BTGMED"},"image":{"@id":"https:\/\/veritastestovi.com\/#\/schema\/logo\/image\/"}}]}},"_links":{"self":[{"href":"https:\/\/veritastestovi.com\/index.php\/wp-json\/wp\/v2\/pages\/4091","targetHints":{"allow":["GET"]}}],"collection":[{"href":"https:\/\/veritastestovi.com\/index.php\/wp-json\/wp\/v2\/pages"}],"about":[{"href":"https:\/\/veritastestovi.com\/index.php\/wp-json\/wp\/v2\/types\/page"}],"author":[{"embeddable":true,"href":"https:\/\/veritastestovi.com\/index.php\/wp-json\/wp\/v2\/users\/2"}],"replies":[{"embeddable":true,"href":"https:\/\/veritastestovi.com\/index.php\/wp-json\/wp\/v2\/comments?post=4091"}],"version-history":[{"count":0,"href":"https:\/\/veritastestovi.com\/index.php\/wp-json\/wp\/v2\/pages\/4091\/revisions"}],"wp:featuredmedia":[{"embeddable":true,"href":"https:\/\/veritastestovi.com\/index.php\/wp-json\/wp\/v2\/media\/4034"}],"wp:attachment":[{"href":"https:\/\/veritastestovi.com\/index.php\/wp-json\/wp\/v2\/media?parent=4091"}],"curies":[{"name":"wp","href":"https:\/\/api.w.org\/{rel}","templated":true}]}}