{"id":4809,"date":"2022-06-15T10:49:37","date_gmt":"2022-06-15T10:49:37","guid":{"rendered":"https:\/\/veritastestovi.com\/?page_id=4809"},"modified":"2022-07-04T13:44:15","modified_gmt":"2022-07-04T13:44:15","slug":"nas-tim-srbija","status":"publish","type":"page","link":"https:\/\/veritastestovi.com\/index.php\/nas-tim-srbija\/","title":{"rendered":"Na\u0161 tim Srbija"},"content":{"rendered":"\t\t<div data-elementor-type=\"wp-page\" data-elementor-id=\"4809\" class=\"elementor elementor-4809\" data-elementor-post-type=\"page\">\n\t\t\t\t\t\t<section class=\"elementor-section elementor-top-section elementor-element elementor-element-a70e441 elementor-section-boxed elementor-section-height-default elementor-section-height-default\" data-id=\"a70e441\" data-element_type=\"section\" data-e-type=\"section\">\n\t\t\t\t\t\t<div class=\"elementor-container elementor-column-gap-default\">\n\t\t\t\t\t<div class=\"elementor-column elementor-col-100 elementor-top-column elementor-element elementor-element-f531b64\" data-id=\"f531b64\" data-element_type=\"column\" data-e-type=\"column\">\n\t\t\t<div class=\"elementor-widget-wrap elementor-element-populated\">\n\t\t\t\t\t\t<div class=\"elementor-element elementor-element-5596160 elementor-widget elementor-widget-heading\" data-id=\"5596160\" data-element_type=\"widget\" data-e-type=\"widget\" data-widget_type=\"heading.default\">\n\t\t\t\t<div class=\"elementor-widget-container\">\n\t\t\t\t\t<h2 class=\"elementor-heading-title elementor-size-default\">Na\u0161 tim<\/h2>\t\t\t\t<\/div>\n\t\t\t\t<\/div>\n\t\t\t\t\t<\/div>\n\t\t<\/div>\n\t\t\t\t\t<\/div>\n\t\t<\/section>\n\t\t\t\t<section class=\"elementor-section elementor-top-section elementor-element elementor-element-31d0682 elementor-section-boxed elementor-section-height-default elementor-section-height-default\" data-id=\"31d0682\" data-element_type=\"section\" data-e-type=\"section\">\n\t\t\t\t\t\t<div class=\"elementor-container elementor-column-gap-default\">\n\t\t\t\t\t<div class=\"elementor-column elementor-col-25 elementor-top-column elementor-element elementor-element-54d5a11\" data-id=\"54d5a11\" data-element_type=\"column\" data-e-type=\"column\">\n\t\t\t<div class=\"elementor-widget-wrap elementor-element-populated\">\n\t\t\t\t\t\t<div class=\"elementor-element elementor-element-0c51ddf elementor-position-top elementor-widget elementor-widget-image-box\" data-id=\"0c51ddf\" data-element_type=\"widget\" data-e-type=\"widget\" data-widget_type=\"image-box.default\">\n\t\t\t\t<div class=\"elementor-widget-container\">\n\t\t\t\t\t<div class=\"elementor-image-box-wrapper\"><figure class=\"elementor-image-box-img\"><a href=\"https:\/\/veritastestovi.com\/index.php\/dr-milos-ilic\/\" tabindex=\"-1\"><img fetchpriority=\"high\" decoding=\"async\" width=\"500\" height=\"641\" src=\"https:\/\/veritastestovi.com\/wp-content\/uploads\/2022\/01\/dr-milos-ilic-specijalista-ginekologije.jpg\" class=\"attachment-full size-full wp-image-4036\" alt=\"dr Milo\u0161 Ili\u0107, specijalista ginekologije\" srcset=\"https:\/\/veritastestovi.com\/wp-content\/uploads\/2022\/01\/dr-milos-ilic-specijalista-ginekologije.jpg 500w, https:\/\/veritastestovi.com\/wp-content\/uploads\/2022\/01\/dr-milos-ilic-specijalista-ginekologije-234x300.jpg 234w\" sizes=\"(max-width: 500px) 100vw, 500px\" \/><\/a><\/figure><div class=\"elementor-image-box-content\"><p class=\"elementor-image-box-title\"><a href=\"https:\/\/veritastestovi.com\/index.php\/dr-milos-ilic\/\">Dr Milo\u0161 Ili\u0107<\/a><\/p><p class=\"elementor-image-box-description\">General Director<\/p><\/div><\/div>\t\t\t\t<\/div>\n\t\t\t\t<\/div>\n\t\t\t\t\t<\/div>\n\t\t<\/div>\n\t\t\t\t<div class=\"elementor-column elementor-col-25 elementor-top-column elementor-element elementor-element-485795f\" data-id=\"485795f\" data-element_type=\"column\" data-e-type=\"column\">\n\t\t\t<div class=\"elementor-widget-wrap elementor-element-populated\">\n\t\t\t\t\t\t<div class=\"elementor-element elementor-element-f9936c6 elementor-position-top elementor-widget elementor-widget-image-box\" data-id=\"f9936c6\" data-element_type=\"widget\" data-e-type=\"widget\" data-widget_type=\"image-box.default\">\n\t\t\t\t<div class=\"elementor-widget-container\">\n\t\t\t\t\t<div class=\"elementor-image-box-wrapper\"><figure class=\"elementor-image-box-img\"><a href=\"https:\/\/veritastestovi.com\/index.php\/dr-milan-stojanovic\/\" tabindex=\"-1\"><img decoding=\"async\" width=\"500\" height=\"641\" src=\"https:\/\/veritastestovi.com\/wp-content\/uploads\/2022\/01\/dr-milan-stojanovic-specijalista-ginekologije.jpg\" class=\"attachment-full size-full wp-image-4035\" alt=\"dr Milan Stojanovi\u0107, specijalista ginekologije\" srcset=\"https:\/\/veritastestovi.com\/wp-content\/uploads\/2022\/01\/dr-milan-stojanovic-specijalista-ginekologije.jpg 500w, https:\/\/veritastestovi.com\/wp-content\/uploads\/2022\/01\/dr-milan-stojanovic-specijalista-ginekologije-234x300.jpg 234w\" sizes=\"(max-width: 500px) 100vw, 500px\" \/><\/a><\/figure><div class=\"elementor-image-box-content\"><p class=\"elementor-image-box-title\"><a href=\"https:\/\/veritastestovi.com\/index.php\/dr-milan-stojanovic\/\">Dr Milan Stojanovi\u0107<\/a><\/p><p class=\"elementor-image-box-description\">Medical Director<\/p><\/div><\/div>\t\t\t\t<\/div>\n\t\t\t\t<\/div>\n\t\t\t\t\t<\/div>\n\t\t<\/div>\n\t\t\t\t<div class=\"elementor-column elementor-col-25 elementor-top-column elementor-element elementor-element-d26c8a2\" data-id=\"d26c8a2\" data-element_type=\"column\" data-e-type=\"column\">\n\t\t\t<div class=\"elementor-widget-wrap elementor-element-populated\">\n\t\t\t\t\t\t<div class=\"elementor-element elementor-element-df5aab7 elementor-position-top elementor-widget elementor-widget-image-box\" data-id=\"df5aab7\" data-element_type=\"widget\" data-e-type=\"widget\" data-widget_type=\"image-box.default\">\n\t\t\t\t<div class=\"elementor-widget-container\">\n\t\t\t\t\t<div class=\"elementor-image-box-wrapper\"><figure class=\"elementor-image-box-img\"><a href=\"https:\/\/veritastestovi.com\/index.php\/dr-zoran-vulovic\/\" tabindex=\"-1\"><img decoding=\"async\" width=\"500\" height=\"641\" src=\"https:\/\/veritastestovi.com\/wp-content\/uploads\/2022\/06\/dr-zoran-vulovic.jpg\" class=\"attachment-full size-full wp-image-4771\" alt=\"Dr Zoran Vulovi\u0107, Genetics Project Director\" srcset=\"https:\/\/veritastestovi.com\/wp-content\/uploads\/2022\/06\/dr-zoran-vulovic.jpg 500w, https:\/\/veritastestovi.com\/wp-content\/uploads\/2022\/06\/dr-zoran-vulovic-234x300.jpg 234w\" sizes=\"(max-width: 500px) 100vw, 500px\" \/><\/a><\/figure><div class=\"elementor-image-box-content\"><p class=\"elementor-image-box-title\"><a href=\"https:\/\/veritastestovi.com\/index.php\/dr-zoran-vulovic\/\">Dr Zoran Vulovi\u0107<\/a><\/p><p class=\"elementor-image-box-description\">Genetics Project Director<\/p><\/div><\/div>\t\t\t\t<\/div>\n\t\t\t\t<\/div>\n\t\t\t\t\t<\/div>\n\t\t<\/div>\n\t\t\t\t<div class=\"elementor-column elementor-col-25 elementor-top-column elementor-element elementor-element-c0e10db\" data-id=\"c0e10db\" data-element_type=\"column\" data-e-type=\"column\">\n\t\t\t<div class=\"elementor-widget-wrap elementor-element-populated\">\n\t\t\t\t\t\t<div class=\"elementor-element elementor-element-460fef6 elementor-position-top elementor-widget elementor-widget-image-box\" data-id=\"460fef6\" data-element_type=\"widget\" data-e-type=\"widget\" data-widget_type=\"image-box.default\">\n\t\t\t\t<div class=\"elementor-widget-container\">\n\t\t\t\t\t<div class=\"elementor-image-box-wrapper\"><figure class=\"elementor-image-box-img\"><a href=\"https:\/\/veritastestovi.com\/index.php\/romina-jovanovic\/\" tabindex=\"-1\"><img loading=\"lazy\" decoding=\"async\" width=\"500\" height=\"641\" src=\"https:\/\/veritastestovi.com\/wp-content\/uploads\/2022\/06\/romina-jovanovic.jpg\" class=\"attachment-full size-full wp-image-4774\" alt=\"Romina Jovanovi\u0107, Financial Manager\" srcset=\"https:\/\/veritastestovi.com\/wp-content\/uploads\/2022\/06\/romina-jovanovic.jpg 500w, https:\/\/veritastestovi.com\/wp-content\/uploads\/2022\/06\/romina-jovanovic-234x300.jpg 234w\" sizes=\"(max-width: 500px) 100vw, 500px\" \/><\/a><\/figure><div class=\"elementor-image-box-content\"><p class=\"elementor-image-box-title\"><a href=\"https:\/\/veritastestovi.com\/index.php\/romina-jovanovic\/\">Romina Jovanovi\u0107<\/a><\/p><p class=\"elementor-image-box-description\">Financial Manager<\/p><\/div><\/div>\t\t\t\t<\/div>\n\t\t\t\t<\/div>\n\t\t\t\t\t<\/div>\n\t\t<\/div>\n\t\t\t\t\t<\/div>\n\t\t<\/section>\n\t\t\t\t<section class=\"elementor-section elementor-top-section elementor-element elementor-element-688cf55 elementor-section-boxed elementor-section-height-default elementor-section-height-default\" data-id=\"688cf55\" data-element_type=\"section\" data-e-type=\"section\">\n\t\t\t\t\t\t<div class=\"elementor-container elementor-column-gap-default\">\n\t\t\t\t\t<div class=\"elementor-column elementor-col-20 elementor-top-column elementor-element elementor-element-5cb1b14\" data-id=\"5cb1b14\" data-element_type=\"column\" data-e-type=\"column\">\n\t\t\t<div class=\"elementor-widget-wrap elementor-element-populated\">\n\t\t\t\t\t\t<div class=\"elementor-element elementor-element-1602882 elementor-position-top elementor-widget elementor-widget-image-box\" data-id=\"1602882\" data-element_type=\"widget\" data-e-type=\"widget\" data-widget_type=\"image-box.default\">\n\t\t\t\t<div class=\"elementor-widget-container\">\n\t\t\t\t\t<div class=\"elementor-image-box-wrapper\"><figure class=\"elementor-image-box-img\"><a href=\"https:\/\/veritastestovi.com\/index.php\/dr-ana-durovic\/\" tabindex=\"-1\"><img loading=\"lazy\" decoding=\"async\" width=\"500\" height=\"641\" src=\"https:\/\/veritastestovi.com\/wp-content\/uploads\/2022\/01\/ana-djurovic.jpg\" class=\"attachment-full size-full wp-image-4034\" alt=\"dr Ana \u0110urovi\u0107\" srcset=\"https:\/\/veritastestovi.com\/wp-content\/uploads\/2022\/01\/ana-djurovic.jpg 500w, https:\/\/veritastestovi.com\/wp-content\/uploads\/2022\/01\/ana-djurovic-234x300.jpg 234w\" sizes=\"(max-width: 500px) 100vw, 500px\" \/><\/a><\/figure><div class=\"elementor-image-box-content\"><p class=\"elementor-image-box-title\"><a href=\"https:\/\/veritastestovi.com\/index.php\/dr-ana-durovic\/\">Dr Ana \u0110urovi\u0107<\/a><\/p><p class=\"elementor-image-box-description\">Key Account Manager<\/p><\/div><\/div>\t\t\t\t<\/div>\n\t\t\t\t<\/div>\n\t\t\t\t\t<\/div>\n\t\t<\/div>\n\t\t\t\t<div class=\"elementor-column elementor-col-20 elementor-top-column elementor-element elementor-element-4d65810\" data-id=\"4d65810\" data-element_type=\"column\" data-e-type=\"column\">\n\t\t\t<div class=\"elementor-widget-wrap elementor-element-populated\">\n\t\t\t\t\t\t<div class=\"elementor-element elementor-element-fd39fbc elementor-position-top elementor-widget elementor-widget-image-box\" data-id=\"fd39fbc\" data-element_type=\"widget\" data-e-type=\"widget\" data-widget_type=\"image-box.default\">\n\t\t\t\t<div class=\"elementor-widget-container\">\n\t\t\t\t\t<div class=\"elementor-image-box-wrapper\"><figure class=\"elementor-image-box-img\"><a href=\"https:\/\/veritastestovi.com\/index.php\/mina-mileva-veskov\/\" tabindex=\"-1\"><img loading=\"lazy\" decoding=\"async\" width=\"500\" height=\"641\" src=\"https:\/\/veritastestovi.com\/wp-content\/uploads\/2022\/07\/mina-mileva-veskov-2.jpg\" class=\"attachment-full size-full wp-image-5208\" alt=\"Mina Mileva Veskov\" srcset=\"https:\/\/veritastestovi.com\/wp-content\/uploads\/2022\/07\/mina-mileva-veskov-2.jpg 500w, https:\/\/veritastestovi.com\/wp-content\/uploads\/2022\/07\/mina-mileva-veskov-2-234x300.jpg 234w\" sizes=\"(max-width: 500px) 100vw, 500px\" \/><\/a><\/figure><div class=\"elementor-image-box-content\"><p class=\"elementor-image-box-title\"><a href=\"https:\/\/veritastestovi.com\/index.php\/mina-mileva-veskov\/\">Mina Mileva Veskov, mag. pharm.<\/a><\/p><p class=\"elementor-image-box-description\">Medical Representative<\/p><\/div><\/div>\t\t\t\t<\/div>\n\t\t\t\t<\/div>\n\t\t\t\t\t<\/div>\n\t\t<\/div>\n\t\t\t\t<div class=\"elementor-column elementor-col-20 elementor-top-column elementor-element elementor-element-59d3598\" data-id=\"59d3598\" data-element_type=\"column\" data-e-type=\"column\">\n\t\t\t<div class=\"elementor-widget-wrap elementor-element-populated\">\n\t\t\t\t\t\t<div class=\"elementor-element elementor-element-78d3cc4 elementor-position-top elementor-widget elementor-widget-image-box\" data-id=\"78d3cc4\" data-element_type=\"widget\" data-e-type=\"widget\" data-widget_type=\"image-box.default\">\n\t\t\t\t<div class=\"elementor-widget-container\">\n\t\t\t\t\t<div class=\"elementor-image-box-wrapper\"><figure class=\"elementor-image-box-img\"><a href=\"https:\/\/veritastestovi.com\/index.php\/milovan-kovacevic\/\" tabindex=\"-1\"><img loading=\"lazy\" decoding=\"async\" width=\"500\" height=\"641\" src=\"https:\/\/veritastestovi.com\/wp-content\/uploads\/2022\/06\/milovan-kovacevic.jpg\" class=\"attachment-full size-full wp-image-4773\" alt=\"Milovan Kova\u010devi\u0107, Sales Representative\" srcset=\"https:\/\/veritastestovi.com\/wp-content\/uploads\/2022\/06\/milovan-kovacevic.jpg 500w, https:\/\/veritastestovi.com\/wp-content\/uploads\/2022\/06\/milovan-kovacevic-234x300.jpg 234w\" sizes=\"(max-width: 500px) 100vw, 500px\" \/><\/a><\/figure><div class=\"elementor-image-box-content\"><p class=\"elementor-image-box-title\"><a href=\"https:\/\/veritastestovi.com\/index.php\/milovan-kovacevic\/\">Milovan Kova\u010devi\u0107, MBA<\/a><\/p><p class=\"elementor-image-box-description\">Sales Representative<\/p><\/div><\/div>\t\t\t\t<\/div>\n\t\t\t\t<\/div>\n\t\t\t\t\t<\/div>\n\t\t<\/div>\n\t\t\t\t<div class=\"elementor-column elementor-col-20 elementor-top-column elementor-element elementor-element-8d00797\" data-id=\"8d00797\" data-element_type=\"column\" data-e-type=\"column\">\n\t\t\t<div class=\"elementor-widget-wrap elementor-element-populated\">\n\t\t\t\t\t\t<div class=\"elementor-element elementor-element-26e9f6b elementor-position-top elementor-widget elementor-widget-image-box\" data-id=\"26e9f6b\" data-element_type=\"widget\" data-e-type=\"widget\" data-widget_type=\"image-box.default\">\n\t\t\t\t<div class=\"elementor-widget-container\">\n\t\t\t\t\t<div class=\"elementor-image-box-wrapper\"><figure class=\"elementor-image-box-img\"><a href=\"https:\/\/veritastestovi.com\/index.php\/marija-calasan\/\" tabindex=\"-1\"><img loading=\"lazy\" decoding=\"async\" width=\"500\" height=\"641\" src=\"https:\/\/veritastestovi.com\/wp-content\/uploads\/2022\/06\/marija-calasan-veritas-laboratorija.jpg\" class=\"attachment-full size-full wp-image-4772\" alt=\"Marija \u0106alasan, menad\u017eer laboratorije\" srcset=\"https:\/\/veritastestovi.com\/wp-content\/uploads\/2022\/06\/marija-calasan-veritas-laboratorija.jpg 500w, https:\/\/veritastestovi.com\/wp-content\/uploads\/2022\/06\/marija-calasan-veritas-laboratorija-234x300.jpg 234w\" sizes=\"(max-width: 500px) 100vw, 500px\" \/><\/a><\/figure><div class=\"elementor-image-box-content\"><p class=\"elementor-image-box-title\"><a href=\"https:\/\/veritastestovi.com\/index.php\/marija-calasan\/\">Marija \u0106alasan<\/a><\/p><p class=\"elementor-image-box-description\">Laboratory Manager<\/p><\/div><\/div>\t\t\t\t<\/div>\n\t\t\t\t<\/div>\n\t\t\t\t\t<\/div>\n\t\t<\/div>\n\t\t\t\t<div class=\"elementor-column elementor-col-20 elementor-top-column elementor-element elementor-element-a803912\" data-id=\"a803912\" data-element_type=\"column\" data-e-type=\"column\">\n\t\t\t<div class=\"elementor-widget-wrap elementor-element-populated\">\n\t\t\t\t\t\t<div class=\"elementor-element elementor-element-371641a elementor-position-top elementor-widget elementor-widget-image-box\" data-id=\"371641a\" data-element_type=\"widget\" data-e-type=\"widget\" data-widget_type=\"image-box.default\">\n\t\t\t\t<div class=\"elementor-widget-container\">\n\t\t\t\t\t<div class=\"elementor-image-box-wrapper\"><figure class=\"elementor-image-box-img\"><img loading=\"lazy\" decoding=\"async\" width=\"500\" height=\"641\" src=\"https:\/\/veritastestovi.com\/wp-content\/uploads\/2022\/06\/sinisa-svicevic.jpg\" class=\"attachment-full size-full wp-image-4775\" alt=\"Sini\u0161a Svi\u010devi\u0107, Logistics Manager\" srcset=\"https:\/\/veritastestovi.com\/wp-content\/uploads\/2022\/06\/sinisa-svicevic.jpg 500w, https:\/\/veritastestovi.com\/wp-content\/uploads\/2022\/06\/sinisa-svicevic-234x300.jpg 234w\" sizes=\"(max-width: 500px) 100vw, 500px\" \/><\/figure><div class=\"elementor-image-box-content\"><p class=\"elementor-image-box-title\">Sini\u0161a Svi\u010devi\u0107<\/p><p class=\"elementor-image-box-description\">Logistics Manager<\/p><\/div><\/div>\t\t\t\t<\/div>\n\t\t\t\t<\/div>\n\t\t\t\t\t<\/div>\n\t\t<\/div>\n\t\t\t\t\t<\/div>\n\t\t<\/section>\n\t\t\t\t<\/div>\n\t\t","protected":false},"excerpt":{"rendered":"<p>Na\u0161 tim Dr Milo\u0161 Ili\u0107 General Director Dr Milan Stojanovi\u0107 Medical Director Dr Zoran Vulovi\u0107 Genetics Project Director Romina Jovanovi\u0107 Financial Manager Dr Ana \u0110urovi\u0107 Key Account Manager Mina Mileva Veskov, mag. pharm. Medical Representative Milovan Kova\u010devi\u0107, MBA Sales Representative Marija \u0106alasan Laboratory Manager Sini\u0161a Svi\u010devi\u0107 Logistics Manager<\/p>\n","protected":false},"author":2,"featured_media":3317,"parent":0,"menu_order":0,"comment_status":"closed","ping_status":"closed","template":"","meta":{"footnotes":""},"class_list":["post-4809","page","type-page","status-publish","has-post-thumbnail","hentry"],"yoast_head":"<!-- This site is optimized with the Yoast SEO plugin v27.3 - https:\/\/yoast.com\/product\/yoast-seo-wordpress\/ -->\n<title>Na\u0161 tim Srbija - Veritas Genetski Testovi<\/title>\n<meta name=\"robots\" content=\"index, follow, max-snippet:-1, max-image-preview:large, max-video-preview:-1\" \/>\n<link rel=\"canonical\" href=\"https:\/\/veritastestovi.com\/index.php\/nas-tim-srbija\/\" \/>\n<meta property=\"og:locale\" content=\"en_US\" \/>\n<meta property=\"og:type\" content=\"article\" \/>\n<meta property=\"og:title\" content=\"Na\u0161 tim Srbija - Veritas Genetski Testovi\" \/>\n<meta property=\"og:description\" content=\"Na\u0161 tim Dr Milo\u0161 Ili\u0107 General Director Dr Milan Stojanovi\u0107 Medical Director Dr Zoran Vulovi\u0107 Genetics Project Director Romina Jovanovi\u0107 Financial Manager Dr Ana \u0110urovi\u0107 Key Account Manager Mina Mileva Veskov, mag. pharm. Medical Representative Milovan Kova\u010devi\u0107, MBA Sales Representative Marija \u0106alasan Laboratory Manager Sini\u0161a Svi\u010devi\u0107 Logistics Manager\" \/>\n<meta property=\"og:url\" content=\"https:\/\/veritastestovi.com\/index.php\/nas-tim-srbija\/\" \/>\n<meta property=\"og:site_name\" content=\"Veritas Genetski Testovi\" \/>\n<meta property=\"article:modified_time\" content=\"2022-07-04T13:44:15+00:00\" \/>\n<meta property=\"og:image\" content=\"https:\/\/veritastestovi.com\/wp-content\/uploads\/2021\/08\/veritas-test-btgmed.jpg\" \/>\n\t<meta property=\"og:image:width\" content=\"1200\" \/>\n\t<meta property=\"og:image:height\" content=\"628\" \/>\n\t<meta property=\"og:image:type\" content=\"image\/jpeg\" \/>\n<meta name=\"twitter:card\" content=\"summary_large_image\" \/>\n<meta name=\"twitter:label1\" content=\"Est. reading time\" \/>\n\t<meta name=\"twitter:data1\" content=\"3 minutes\" \/>\n<script type=\"application\/ld+json\" class=\"yoast-schema-graph\">{\"@context\":\"https:\\\/\\\/schema.org\",\"@graph\":[{\"@type\":\"WebPage\",\"@id\":\"https:\\\/\\\/veritastestovi.com\\\/index.php\\\/nas-tim-srbija\\\/\",\"url\":\"https:\\\/\\\/veritastestovi.com\\\/index.php\\\/nas-tim-srbija\\\/\",\"name\":\"Na\u0161 tim Srbija - Veritas Genetski Testovi\",\"isPartOf\":{\"@id\":\"https:\\\/\\\/veritastestovi.com\\\/#website\"},\"primaryImageOfPage\":{\"@id\":\"https:\\\/\\\/veritastestovi.com\\\/index.php\\\/nas-tim-srbija\\\/#primaryimage\"},\"image\":{\"@id\":\"https:\\\/\\\/veritastestovi.com\\\/index.php\\\/nas-tim-srbija\\\/#primaryimage\"},\"thumbnailUrl\":\"https:\\\/\\\/veritastestovi.com\\\/wp-content\\\/uploads\\\/2021\\\/08\\\/veritas-test-btgmed.jpg\",\"datePublished\":\"2022-06-15T10:49:37+00:00\",\"dateModified\":\"2022-07-04T13:44:15+00:00\",\"breadcrumb\":{\"@id\":\"https:\\\/\\\/veritastestovi.com\\\/index.php\\\/nas-tim-srbija\\\/#breadcrumb\"},\"inLanguage\":\"en-US\",\"potentialAction\":[{\"@type\":\"ReadAction\",\"target\":[\"https:\\\/\\\/veritastestovi.com\\\/index.php\\\/nas-tim-srbija\\\/\"]}]},{\"@type\":\"ImageObject\",\"inLanguage\":\"en-US\",\"@id\":\"https:\\\/\\\/veritastestovi.com\\\/index.php\\\/nas-tim-srbija\\\/#primaryimage\",\"url\":\"https:\\\/\\\/veritastestovi.com\\\/wp-content\\\/uploads\\\/2021\\\/08\\\/veritas-test-btgmed.jpg\",\"contentUrl\":\"https:\\\/\\\/veritastestovi.com\\\/wp-content\\\/uploads\\\/2021\\\/08\\\/veritas-test-btgmed.jpg\",\"width\":1200,\"height\":628,\"caption\":\"Veritas Genetski Testovi - O nama\"},{\"@type\":\"BreadcrumbList\",\"@id\":\"https:\\\/\\\/veritastestovi.com\\\/index.php\\\/nas-tim-srbija\\\/#breadcrumb\",\"itemListElement\":[{\"@type\":\"ListItem\",\"position\":1,\"name\":\"Home\",\"item\":\"https:\\\/\\\/veritastestovi.com\\\/\"},{\"@type\":\"ListItem\",\"position\":2,\"name\":\"Na\u0161 tim Srbija\"}]},{\"@type\":\"WebSite\",\"@id\":\"https:\\\/\\\/veritastestovi.com\\\/#website\",\"url\":\"https:\\\/\\\/veritastestovi.com\\\/\",\"name\":\"Veritas Genetski Testovi\",\"description\":\"\",\"publisher\":{\"@id\":\"https:\\\/\\\/veritastestovi.com\\\/#organization\"},\"potentialAction\":[{\"@type\":\"SearchAction\",\"target\":{\"@type\":\"EntryPoint\",\"urlTemplate\":\"https:\\\/\\\/veritastestovi.com\\\/?s={search_term_string}\"},\"query-input\":{\"@type\":\"PropertyValueSpecification\",\"valueRequired\":true,\"valueName\":\"search_term_string\"}}],\"inLanguage\":\"en-US\"},{\"@type\":\"Organization\",\"@id\":\"https:\\\/\\\/veritastestovi.com\\\/#organization\",\"name\":\"Veritas testovi - BTGMED\",\"url\":\"https:\\\/\\\/veritastestovi.com\\\/\",\"logo\":{\"@type\":\"ImageObject\",\"inLanguage\":\"en-US\",\"@id\":\"https:\\\/\\\/veritastestovi.com\\\/#\\\/schema\\\/logo\\\/image\\\/\",\"url\":\"https:\\\/\\\/veritastestovi.com\\\/wp-content\\\/uploads\\\/2021\\\/04\\\/btg-med.png\",\"contentUrl\":\"https:\\\/\\\/veritastestovi.com\\\/wp-content\\\/uploads\\\/2021\\\/04\\\/btg-med.png\",\"width\":1608,\"height\":536,\"caption\":\"Veritas testovi - BTGMED\"},\"image\":{\"@id\":\"https:\\\/\\\/veritastestovi.com\\\/#\\\/schema\\\/logo\\\/image\\\/\"}}]}<\/script>\n<!-- \/ Yoast SEO plugin. -->","yoast_head_json":{"title":"Na\u0161 tim Srbija - Veritas Genetski Testovi","robots":{"index":"index","follow":"follow","max-snippet":"max-snippet:-1","max-image-preview":"max-image-preview:large","max-video-preview":"max-video-preview:-1"},"canonical":"https:\/\/veritastestovi.com\/index.php\/nas-tim-srbija\/","og_locale":"en_US","og_type":"article","og_title":"Na\u0161 tim Srbija - Veritas Genetski Testovi","og_description":"Na\u0161 tim Dr Milo\u0161 Ili\u0107 General Director Dr Milan Stojanovi\u0107 Medical Director Dr Zoran Vulovi\u0107 Genetics Project Director Romina Jovanovi\u0107 Financial Manager Dr Ana \u0110urovi\u0107 Key Account Manager Mina Mileva Veskov, mag. pharm. Medical Representative Milovan Kova\u010devi\u0107, MBA Sales Representative Marija \u0106alasan Laboratory Manager Sini\u0161a Svi\u010devi\u0107 Logistics Manager","og_url":"https:\/\/veritastestovi.com\/index.php\/nas-tim-srbija\/","og_site_name":"Veritas Genetski Testovi","article_modified_time":"2022-07-04T13:44:15+00:00","og_image":[{"width":1200,"height":628,"url":"https:\/\/veritastestovi.com\/wp-content\/uploads\/2021\/08\/veritas-test-btgmed.jpg","type":"image\/jpeg"}],"twitter_card":"summary_large_image","twitter_misc":{"Est. reading time":"3 minutes"},"schema":{"@context":"https:\/\/schema.org","@graph":[{"@type":"WebPage","@id":"https:\/\/veritastestovi.com\/index.php\/nas-tim-srbija\/","url":"https:\/\/veritastestovi.com\/index.php\/nas-tim-srbija\/","name":"Na\u0161 tim Srbija - Veritas Genetski Testovi","isPartOf":{"@id":"https:\/\/veritastestovi.com\/#website"},"primaryImageOfPage":{"@id":"https:\/\/veritastestovi.com\/index.php\/nas-tim-srbija\/#primaryimage"},"image":{"@id":"https:\/\/veritastestovi.com\/index.php\/nas-tim-srbija\/#primaryimage"},"thumbnailUrl":"https:\/\/veritastestovi.com\/wp-content\/uploads\/2021\/08\/veritas-test-btgmed.jpg","datePublished":"2022-06-15T10:49:37+00:00","dateModified":"2022-07-04T13:44:15+00:00","breadcrumb":{"@id":"https:\/\/veritastestovi.com\/index.php\/nas-tim-srbija\/#breadcrumb"},"inLanguage":"en-US","potentialAction":[{"@type":"ReadAction","target":["https:\/\/veritastestovi.com\/index.php\/nas-tim-srbija\/"]}]},{"@type":"ImageObject","inLanguage":"en-US","@id":"https:\/\/veritastestovi.com\/index.php\/nas-tim-srbija\/#primaryimage","url":"https:\/\/veritastestovi.com\/wp-content\/uploads\/2021\/08\/veritas-test-btgmed.jpg","contentUrl":"https:\/\/veritastestovi.com\/wp-content\/uploads\/2021\/08\/veritas-test-btgmed.jpg","width":1200,"height":628,"caption":"Veritas Genetski Testovi - O nama"},{"@type":"BreadcrumbList","@id":"https:\/\/veritastestovi.com\/index.php\/nas-tim-srbija\/#breadcrumb","itemListElement":[{"@type":"ListItem","position":1,"name":"Home","item":"https:\/\/veritastestovi.com\/"},{"@type":"ListItem","position":2,"name":"Na\u0161 tim Srbija"}]},{"@type":"WebSite","@id":"https:\/\/veritastestovi.com\/#website","url":"https:\/\/veritastestovi.com\/","name":"Veritas Genetski Testovi","description":"","publisher":{"@id":"https:\/\/veritastestovi.com\/#organization"},"potentialAction":[{"@type":"SearchAction","target":{"@type":"EntryPoint","urlTemplate":"https:\/\/veritastestovi.com\/?s={search_term_string}"},"query-input":{"@type":"PropertyValueSpecification","valueRequired":true,"valueName":"search_term_string"}}],"inLanguage":"en-US"},{"@type":"Organization","@id":"https:\/\/veritastestovi.com\/#organization","name":"Veritas testovi - BTGMED","url":"https:\/\/veritastestovi.com\/","logo":{"@type":"ImageObject","inLanguage":"en-US","@id":"https:\/\/veritastestovi.com\/#\/schema\/logo\/image\/","url":"https:\/\/veritastestovi.com\/wp-content\/uploads\/2021\/04\/btg-med.png","contentUrl":"https:\/\/veritastestovi.com\/wp-content\/uploads\/2021\/04\/btg-med.png","width":1608,"height":536,"caption":"Veritas testovi - BTGMED"},"image":{"@id":"https:\/\/veritastestovi.com\/#\/schema\/logo\/image\/"}}]}},"_links":{"self":[{"href":"https:\/\/veritastestovi.com\/index.php\/wp-json\/wp\/v2\/pages\/4809","targetHints":{"allow":["GET"]}}],"collection":[{"href":"https:\/\/veritastestovi.com\/index.php\/wp-json\/wp\/v2\/pages"}],"about":[{"href":"https:\/\/veritastestovi.com\/index.php\/wp-json\/wp\/v2\/types\/page"}],"author":[{"embeddable":true,"href":"https:\/\/veritastestovi.com\/index.php\/wp-json\/wp\/v2\/users\/2"}],"replies":[{"embeddable":true,"href":"https:\/\/veritastestovi.com\/index.php\/wp-json\/wp\/v2\/comments?post=4809"}],"version-history":[{"count":0,"href":"https:\/\/veritastestovi.com\/index.php\/wp-json\/wp\/v2\/pages\/4809\/revisions"}],"wp:featuredmedia":[{"embeddable":true,"href":"https:\/\/veritastestovi.com\/index.php\/wp-json\/wp\/v2\/media\/3317"}],"wp:attachment":[{"href":"https:\/\/veritastestovi.com\/index.php\/wp-json\/wp\/v2\/media?parent=4809"}],"curies":[{"name":"wp","href":"https:\/\/api.w.org\/{rel}","templated":true}]}}